{"id":19135,"date":"2025-10-21T16:45:22","date_gmt":"2025-10-21T14:45:22","guid":{"rendered":"https:\/\/bodegashidalgolagitana.com\/visitas\/?page_id=19135"},"modified":"2026-04-28T10:24:22","modified_gmt":"2026-04-28T08:24:22","slug":"bonos","status":"publish","type":"page","link":"https:\/\/bodegashidalgolagitana.com\/visitas\/bonos\/","title":{"rendered":"Bonos"},"content":{"rendered":"\t\t<div data-elementor-type=\"wp-page\" data-elementor-id=\"19135\" class=\"elementor elementor-19135\" data-elementor-post-type=\"page\">\n\t\t\t\t<div class=\"elementor-element elementor-element-6e17754 e-flex e-con-boxed e-con e-parent\" data-id=\"6e17754\" data-element_type=\"container\" data-e-type=\"container\">\n\t\t\t\t\t<div class=\"e-con-inner\">\n\t\t\t\t<div class=\"elementor-element elementor-element-a5113b0 variations-visible-n layout-content_below_img btn-position-below_image label-position-left icon-visibility-y elementor-widget elementor-widget-the7-wc-products\" data-id=\"a5113b0\" data-element_type=\"widget\" data-e-type=\"widget\" data-settings=\"{&quot;show_variations&quot;:&quot;n&quot;,&quot;show_add_to_cart&quot;:&quot;y&quot;}\" data-widget_type=\"the7-wc-products.default\">\n\t\t\t\t\t\t<div class=\"elementor-widget-container\">\n\t\t\t\t\t<div class=\"products-shortcode the7-elementor-widget loading-effect-none the7-wc-products-a5113b0 mode-grid dt-css-grid-wrap cart-btn-below-img wc-img-hover resize-by-browser-width jquery-filter\" data-padding=\"0\" data-cur-page=\"1\" data-wide-desktop-columns-num=\"4\" data-desktop-columns-num=\"4\" data-v-tablet-columns-num=\"2\" data-phone-columns-num=\"1\" data-post-limit=\"-1\" data-pagination-mode=\"none\" data-scroll-offset=\"\" aria-live=\"assertive\"><div class=\"dt-css-grid custom-pagination-handler\"><div class=\"visible wf-cell product-wrap\" data-post-id=\"19128\">\n\t\t<article class=\"post visible description-off product type-product post-19128 status-publish first instock product_cat-bonos has-post-thumbnail downloadable virtual purchasable product-type-simple project-odd\">\n\t\t\t<figure class=\"woocom-project\">\n\t\t\t\t<div class=\"trigger-img-hover woo-buttons-on-img\">\n\n\t\t\t\t\t<div class=\"img-border\"><a href=\"https:\/\/bodegashidalgolagitana.com\/visitas\/experiencia\/experiencia-para-dos\/\" class=\"alignnone img-wrap layzr-bg img-css-resize-wrapper\"><img fetchpriority=\"high\" decoding=\"async\" width=\"1080\" height=\"1345\" src=\"data:image\/svg+xml,%3Csvg%20xmlns%3D&#039;http%3A%2F%2Fwww.w3.org%2F2000%2Fsvg&#039;%20viewBox%3D&#039;0%200%201080%201345&#039;%2F%3E\" class=\"attachment-full size-full preload-me aspect lazy lazy-load\" alt=\"CATA PARA DOS\" sizes=\"(max-width: 1080px) 100vw, 1080px\" style=\"--ratio: 1080 \/ 1345;\" data-src=\"https:\/\/bodegashidalgolagitana.com\/visitas\/wp-content\/uploads\/2025\/10\/Cata-para-dos.jpg\" loading=\"eager\" data-srcset=\"https:\/\/bodegashidalgolagitana.com\/visitas\/wp-content\/uploads\/2025\/10\/Cata-para-dos.jpg 1080w, https:\/\/bodegashidalgolagitana.com\/visitas\/wp-content\/uploads\/2025\/10\/Cata-para-dos-241x300.jpg 241w, https:\/\/bodegashidalgolagitana.com\/visitas\/wp-content\/uploads\/2025\/10\/Cata-para-dos-822x1024.jpg 822w, https:\/\/bodegashidalgolagitana.com\/visitas\/wp-content\/uploads\/2025\/10\/Cata-para-dos-768x956.jpg 768w, https:\/\/bodegashidalgolagitana.com\/visitas\/wp-content\/uploads\/2025\/10\/Cata-para-dos-600x747.jpg 600w\" \/><\/a><\/div>\n\t\t\t\t<\/div>\n\t\t\t\t<figcaption class=\"woocom-list-content\">\n\n\t\t\t\t\t<h4 class=\"product-title \"><a href=\"https:\/\/bodegashidalgolagitana.com\/visitas\/experiencia\/experiencia-para-dos\/\" title=\"CATA PARA DOS\" rel=\"bookmark\">CATA PARA DOS<\/a><\/h4><span class=\"price\"><span class=\"woocommerce-Price-amount amount\"><bdi>39,90&nbsp;<span class=\"woocommerce-Price-currencySymbol\">&euro;<\/span><\/bdi><\/span><\/span><div class=\"woocommerce-product-details__short-description \">Regala una visita guiada con cata de cinco vinos con copa en mano. Un paseo por nuestras bodegas y patios para disfrutar de nuestros mejores vinos a pie de bota. <strong>Precio para dos personas.<\/strong><\/div><div class=\"woo-list-buttons\"><a data-product_id=\"19128\" data-product_sku=\"\" aria-label=\"A\u00f1adir al carrito: &ldquo;CATA PARA DOS&rdquo;\" rel=\"nofollow\" href=\"\/visitas\/wp-json\/wp\/v2\/pages\/19135?add-to-cart=19128\" data-quantity=\"1\" data-widget-id=\"a5113b0\" class=\"product_type_simple add_to_cart_button ajax_add_to_cart box-button elementor-button elementor-size-md\">A\u00f1adir al carrito<svg aria-hidden=\"true\" class=\"elementor-button-icon e-font-icon-svg e-fas-shopping-cart\" viewBox=\"0 0 576 512\" xmlns=\"http:\/\/www.w3.org\/2000\/svg\"><path d=\"M528.12 301.319l47.273-208C578.806 78.301 567.391 64 551.99 64H159.208l-9.166-44.81C147.758 8.021 137.93 0 126.529 0H24C10.745 0 0 10.745 0 24v16c0 13.255 10.745 24 24 24h69.883l70.248 343.435C147.325 417.1 136 435.222 136 456c0 30.928 25.072 56 56 56s56-25.072 56-56c0-15.674-6.447-29.835-16.824-40h209.647C430.447 426.165 424 440.326 424 456c0 30.928 25.072 56 56 56s56-25.072 56-56c0-22.172-12.888-41.332-31.579-50.405l5.517-24.276c3.413-15.018-8.002-29.319-23.403-29.319H218.117l-6.545-32h293.145c11.206 0 20.92-7.754 23.403-18.681z\"><\/path><\/svg><\/a><\/div><span class=\"gtm4wp_productdata\" style=\"display:none; visibility:hidden;\" data-gtm4wp_product_data=\"{&quot;internal_id&quot;:19128,&quot;item_id&quot;:19128,&quot;item_name&quot;:&quot;CATA PARA DOS&quot;,&quot;sku&quot;:19128,&quot;price&quot;:39.9,&quot;stocklevel&quot;:null,&quot;stockstatus&quot;:&quot;instock&quot;,&quot;google_business_vertical&quot;:&quot;retail&quot;,&quot;item_category&quot;:&quot;Bonos&quot;,&quot;id&quot;:19128,&quot;productlink&quot;:&quot;https:\\\/\\\/bodegashidalgolagitana.com\\\/visitas\\\/experiencia\\\/experiencia-para-dos\\\/&quot;,&quot;item_list_name&quot;:&quot;Lista general de productos&quot;,&quot;index&quot;:1,&quot;product_type&quot;:&quot;simple&quot;,&quot;item_brand&quot;:&quot;&quot;}\"><\/span>\n\t\t\t\t<\/figcaption>\n\t\t\t<\/figure>\n\t\t<\/article>\n\n\t\t<\/div><div class=\"visible wf-cell product-wrap\" data-post-id=\"19124\">\n\t\t<article class=\"post visible description-off product type-product post-19124 status-publish instock product_cat-bonos has-post-thumbnail downloadable virtual purchasable product-type-simple project-odd\">\n\t\t\t<figure class=\"woocom-project\">\n\t\t\t\t<div class=\"trigger-img-hover woo-buttons-on-img\">\n\n\t\t\t\t\t<div class=\"img-border\"><a href=\"https:\/\/bodegashidalgolagitana.com\/visitas\/experiencia\/experiencia-classic-entrebotas\/\" class=\"alignnone img-wrap layzr-bg img-css-resize-wrapper\"><img decoding=\"async\" width=\"1440\" height=\"1800\" src=\"data:image\/svg+xml,%3Csvg%20xmlns%3D&#039;http%3A%2F%2Fwww.w3.org%2F2000%2Fsvg&#039;%20viewBox%3D&#039;0%200%201440%201800&#039;%2F%3E\" class=\"attachment-full size-full preload-me aspect lazy lazy-load\" alt=\"EXPERIENCIA CLASSIC ENTREBOTAS\" sizes=\"(max-width: 1440px) 100vw, 1440px\" style=\"--ratio: 1440 \/ 1800;\" data-src=\"https:\/\/bodegashidalgolagitana.com\/visitas\/wp-content\/uploads\/2025\/10\/experiencia-classic-2-1.jpeg\" loading=\"eager\" data-srcset=\"https:\/\/bodegashidalgolagitana.com\/visitas\/wp-content\/uploads\/2025\/10\/experiencia-classic-2-1.jpeg 1440w, https:\/\/bodegashidalgolagitana.com\/visitas\/wp-content\/uploads\/2025\/10\/experiencia-classic-2-1-240x300.jpeg 240w, https:\/\/bodegashidalgolagitana.com\/visitas\/wp-content\/uploads\/2025\/10\/experiencia-classic-2-1-819x1024.jpeg 819w, https:\/\/bodegashidalgolagitana.com\/visitas\/wp-content\/uploads\/2025\/10\/experiencia-classic-2-1-768x960.jpeg 768w, https:\/\/bodegashidalgolagitana.com\/visitas\/wp-content\/uploads\/2025\/10\/experiencia-classic-2-1-1229x1536.jpeg 1229w, https:\/\/bodegashidalgolagitana.com\/visitas\/wp-content\/uploads\/2025\/10\/experiencia-classic-2-1-1320x1650.jpeg 1320w, https:\/\/bodegashidalgolagitana.com\/visitas\/wp-content\/uploads\/2025\/10\/experiencia-classic-2-1-600x750.jpeg 600w\" \/><\/a><\/div>\n\t\t\t\t<\/div>\n\t\t\t\t<figcaption class=\"woocom-list-content\">\n\n\t\t\t\t\t<h4 class=\"product-title \"><a href=\"https:\/\/bodegashidalgolagitana.com\/visitas\/experiencia\/experiencia-classic-entrebotas\/\" title=\"EXPERIENCIA CLASSIC ENTREBOTAS\" rel=\"bookmark\">EXPERIENCIA CLASSIC ENTREBOTAS<\/a><\/h4><span class=\"price\"><span class=\"woocommerce-Price-amount amount\"><bdi>67,95&nbsp;<span class=\"woocommerce-Price-currencySymbol\">&euro;<\/span><\/bdi><\/span><\/span><div class=\"woocommerce-product-details__short-description \">Visita y cata de vinos con un final perfecto. Un men\u00fa tradicional en Restaurante EntreBotas con bebidas incluidas. <strong>Precio por persona.<\/strong>\r\n\r\n&nbsp;\r\n\r\nIncluye: VISITA Y CATA DE 5 VINOS + MEN\u00da CON BEBIDAS INCLUIDAS.\r\n\r\n&nbsp;<\/div><div class=\"woo-list-buttons\"><a data-product_id=\"19124\" data-product_sku=\"\" aria-label=\"A\u00f1adir al carrito: &ldquo;EXPERIENCIA CLASSIC ENTREBOTAS&rdquo;\" rel=\"nofollow\" href=\"\/visitas\/wp-json\/wp\/v2\/pages\/19135?add-to-cart=19124\" data-quantity=\"1\" data-widget-id=\"a5113b0\" class=\"product_type_simple add_to_cart_button ajax_add_to_cart box-button elementor-button elementor-size-md\">A\u00f1adir al carrito<svg aria-hidden=\"true\" class=\"elementor-button-icon e-font-icon-svg e-fas-shopping-cart\" viewBox=\"0 0 576 512\" xmlns=\"http:\/\/www.w3.org\/2000\/svg\"><path d=\"M528.12 301.319l47.273-208C578.806 78.301 567.391 64 551.99 64H159.208l-9.166-44.81C147.758 8.021 137.93 0 126.529 0H24C10.745 0 0 10.745 0 24v16c0 13.255 10.745 24 24 24h69.883l70.248 343.435C147.325 417.1 136 435.222 136 456c0 30.928 25.072 56 56 56s56-25.072 56-56c0-15.674-6.447-29.835-16.824-40h209.647C430.447 426.165 424 440.326 424 456c0 30.928 25.072 56 56 56s56-25.072 56-56c0-22.172-12.888-41.332-31.579-50.405l5.517-24.276c3.413-15.018-8.002-29.319-23.403-29.319H218.117l-6.545-32h293.145c11.206 0 20.92-7.754 23.403-18.681z\"><\/path><\/svg><\/a><\/div><span class=\"gtm4wp_productdata\" style=\"display:none; visibility:hidden;\" data-gtm4wp_product_data=\"{&quot;internal_id&quot;:19124,&quot;item_id&quot;:19124,&quot;item_name&quot;:&quot;EXPERIENCIA CLASSIC ENTREBOTAS&quot;,&quot;sku&quot;:19124,&quot;price&quot;:67.95,&quot;stocklevel&quot;:null,&quot;stockstatus&quot;:&quot;instock&quot;,&quot;google_business_vertical&quot;:&quot;retail&quot;,&quot;item_category&quot;:&quot;Bonos&quot;,&quot;id&quot;:19124,&quot;productlink&quot;:&quot;https:\\\/\\\/bodegashidalgolagitana.com\\\/visitas\\\/experiencia\\\/experiencia-classic-entrebotas\\\/&quot;,&quot;item_list_name&quot;:&quot;Lista general de productos&quot;,&quot;index&quot;:2,&quot;product_type&quot;:&quot;simple&quot;,&quot;item_brand&quot;:&quot;&quot;}\"><\/span>\n\t\t\t\t<\/figcaption>\n\t\t\t<\/figure>\n\t\t<\/article>\n\n\t\t<\/div><div class=\"visible wf-cell product-wrap\" data-post-id=\"19126\">\n\t\t<article class=\"post visible description-off product type-product post-19126 status-publish instock product_cat-bonos has-post-thumbnail downloadable virtual purchasable product-type-simple project-odd\">\n\t\t\t<figure class=\"woocom-project\">\n\t\t\t\t<div class=\"trigger-img-hover woo-buttons-on-img\">\n\n\t\t\t\t\t<div class=\"img-border\"><a href=\"https:\/\/bodegashidalgolagitana.com\/visitas\/experiencia\/experiencia-gourmet-entrebotas\/\" class=\"alignnone img-wrap layzr-bg img-css-resize-wrapper\"><img decoding=\"async\" width=\"1440\" height=\"1800\" src=\"data:image\/svg+xml,%3Csvg%20xmlns%3D&#039;http%3A%2F%2Fwww.w3.org%2F2000%2Fsvg&#039;%20viewBox%3D&#039;0%200%201440%201800&#039;%2F%3E\" class=\"attachment-full size-full preload-me aspect lazy lazy-load\" alt=\"EXPERIENCIA GOURMET ENTREBOTAS\" sizes=\"(max-width: 1440px) 100vw, 1440px\" style=\"--ratio: 1440 \/ 1800;\" data-src=\"https:\/\/bodegashidalgolagitana.com\/visitas\/wp-content\/uploads\/2025\/10\/Experiencia-Gourmet.jpg\" loading=\"eager\" data-srcset=\"https:\/\/bodegashidalgolagitana.com\/visitas\/wp-content\/uploads\/2025\/10\/Experiencia-Gourmet.jpg 1440w, https:\/\/bodegashidalgolagitana.com\/visitas\/wp-content\/uploads\/2025\/10\/Experiencia-Gourmet-240x300.jpg 240w, https:\/\/bodegashidalgolagitana.com\/visitas\/wp-content\/uploads\/2025\/10\/Experiencia-Gourmet-819x1024.jpg 819w, https:\/\/bodegashidalgolagitana.com\/visitas\/wp-content\/uploads\/2025\/10\/Experiencia-Gourmet-768x960.jpg 768w, https:\/\/bodegashidalgolagitana.com\/visitas\/wp-content\/uploads\/2025\/10\/Experiencia-Gourmet-1229x1536.jpg 1229w, https:\/\/bodegashidalgolagitana.com\/visitas\/wp-content\/uploads\/2025\/10\/Experiencia-Gourmet-1320x1650.jpg 1320w, https:\/\/bodegashidalgolagitana.com\/visitas\/wp-content\/uploads\/2025\/10\/Experiencia-Gourmet-600x750.jpg 600w\" \/><\/a><\/div>\n\t\t\t\t<\/div>\n\t\t\t\t<figcaption class=\"woocom-list-content\">\n\n\t\t\t\t\t<h4 class=\"product-title \"><a href=\"https:\/\/bodegashidalgolagitana.com\/visitas\/experiencia\/experiencia-gourmet-entrebotas\/\" title=\"EXPERIENCIA GOURMET ENTREBOTAS\" rel=\"bookmark\">EXPERIENCIA GOURMET ENTREBOTAS<\/a><\/h4><span class=\"price\"><span class=\"woocommerce-Price-amount amount\"><bdi>79,95&nbsp;<span class=\"woocommerce-Price-currencySymbol\">&euro;<\/span><\/bdi><\/span><\/span><div class=\"woocommerce-product-details__short-description \">Una visita guiada con cata de cinco vinos a pie de bota y un men\u00fa gourmet con maridaje de nuestros vinos en Restaurante EntreBotas. Un plan perfecto. <strong>Precio por persona<\/strong>.\r\n\r\n&nbsp;\r\n\r\nIncluye: VISITA Y CATA DE 5 VINOS + MEN\u00da CON MARIDAJE INCLUIDO.\r\n\r\n&nbsp;\r\n\r\n&nbsp;<\/div><div class=\"woo-list-buttons\"><a data-product_id=\"19126\" data-product_sku=\"\" aria-label=\"A\u00f1adir al carrito: &ldquo;EXPERIENCIA GOURMET ENTREBOTAS&rdquo;\" rel=\"nofollow\" href=\"\/visitas\/wp-json\/wp\/v2\/pages\/19135?add-to-cart=19126\" data-quantity=\"1\" data-widget-id=\"a5113b0\" class=\"product_type_simple add_to_cart_button ajax_add_to_cart box-button elementor-button elementor-size-md\">A\u00f1adir al carrito<svg aria-hidden=\"true\" class=\"elementor-button-icon e-font-icon-svg e-fas-shopping-cart\" viewBox=\"0 0 576 512\" xmlns=\"http:\/\/www.w3.org\/2000\/svg\"><path d=\"M528.12 301.319l47.273-208C578.806 78.301 567.391 64 551.99 64H159.208l-9.166-44.81C147.758 8.021 137.93 0 126.529 0H24C10.745 0 0 10.745 0 24v16c0 13.255 10.745 24 24 24h69.883l70.248 343.435C147.325 417.1 136 435.222 136 456c0 30.928 25.072 56 56 56s56-25.072 56-56c0-15.674-6.447-29.835-16.824-40h209.647C430.447 426.165 424 440.326 424 456c0 30.928 25.072 56 56 56s56-25.072 56-56c0-22.172-12.888-41.332-31.579-50.405l5.517-24.276c3.413-15.018-8.002-29.319-23.403-29.319H218.117l-6.545-32h293.145c11.206 0 20.92-7.754 23.403-18.681z\"><\/path><\/svg><\/a><\/div><span class=\"gtm4wp_productdata\" style=\"display:none; visibility:hidden;\" data-gtm4wp_product_data=\"{&quot;internal_id&quot;:19126,&quot;item_id&quot;:19126,&quot;item_name&quot;:&quot;EXPERIENCIA GOURMET ENTREBOTAS&quot;,&quot;sku&quot;:19126,&quot;price&quot;:79.95,&quot;stocklevel&quot;:null,&quot;stockstatus&quot;:&quot;instock&quot;,&quot;google_business_vertical&quot;:&quot;retail&quot;,&quot;item_category&quot;:&quot;Bonos&quot;,&quot;id&quot;:19126,&quot;productlink&quot;:&quot;https:\\\/\\\/bodegashidalgolagitana.com\\\/visitas\\\/experiencia\\\/experiencia-gourmet-entrebotas\\\/&quot;,&quot;item_list_name&quot;:&quot;Lista general de productos&quot;,&quot;index&quot;:3,&quot;product_type&quot;:&quot;simple&quot;,&quot;item_brand&quot;:&quot;&quot;}\"><\/span>\n\t\t\t\t<\/figcaption>\n\t\t\t<\/figure>\n\t\t<\/article>\n\n\t\t<\/div><div class=\"visible wf-cell product-wrap\" data-post-id=\"19133\">\n\t\t<article class=\"post visible description-off product type-product post-19133 status-publish last instock product_cat-bonos has-post-thumbnail downloadable virtual purchasable product-type-simple project-odd\">\n\t\t\t<figure class=\"woocom-project\">\n\t\t\t\t<div class=\"trigger-img-hover woo-buttons-on-img\">\n\n\t\t\t\t\t<div class=\"img-border\"><a href=\"https:\/\/bodegashidalgolagitana.com\/visitas\/experiencia\/experiencia-romantica-entrebotas\/\" class=\"alignnone img-wrap layzr-bg img-css-resize-wrapper\"><img decoding=\"async\" width=\"1080\" height=\"1351\" src=\"data:image\/svg+xml,%3Csvg%20xmlns%3D&#039;http%3A%2F%2Fwww.w3.org%2F2000%2Fsvg&#039;%20viewBox%3D&#039;0%200%201080%201351&#039;%2F%3E\" class=\"attachment-full size-full preload-me aspect lazy lazy-load\" alt=\"EXPERIENCIA ROM\u00c1NTICA ENTREBOTAS\" sizes=\"(max-width: 1080px) 100vw, 1080px\" style=\"--ratio: 1080 \/ 1351;\" data-src=\"https:\/\/bodegashidalgolagitana.com\/visitas\/wp-content\/uploads\/2025\/10\/Experiencia-Romantica.jpg\" loading=\"eager\" data-srcset=\"https:\/\/bodegashidalgolagitana.com\/visitas\/wp-content\/uploads\/2025\/10\/Experiencia-Romantica.jpg 1080w, https:\/\/bodegashidalgolagitana.com\/visitas\/wp-content\/uploads\/2025\/10\/Experiencia-Romantica-240x300.jpg 240w, https:\/\/bodegashidalgolagitana.com\/visitas\/wp-content\/uploads\/2025\/10\/Experiencia-Romantica-819x1024.jpg 819w, https:\/\/bodegashidalgolagitana.com\/visitas\/wp-content\/uploads\/2025\/10\/Experiencia-Romantica-768x961.jpg 768w, https:\/\/bodegashidalgolagitana.com\/visitas\/wp-content\/uploads\/2025\/10\/Experiencia-Romantica-600x751.jpg 600w\" \/><\/a><\/div>\n\t\t\t\t<\/div>\n\t\t\t\t<figcaption class=\"woocom-list-content\">\n\n\t\t\t\t\t<h4 class=\"product-title \"><a href=\"https:\/\/bodegashidalgolagitana.com\/visitas\/experiencia\/experiencia-romantica-entrebotas\/\" title=\"EXPERIENCIA ROM\u00c1NTICA ENTREBOTAS\" rel=\"bookmark\">EXPERIENCIA ROM\u00c1NTICA ENTREBOTAS<\/a><\/h4><span class=\"price\"><span class=\"woocommerce-Price-amount amount\"><bdi>89,95&nbsp;<span class=\"woocommerce-Price-currencySymbol\">&euro;<\/span><\/bdi><\/span><\/span><div class=\"woocommerce-product-details__short-description \">Regala una velada inolvidable entre botas, con una cata guiada y una cena con maridaje en la atm\u00f3sfera m\u00e1gica del Restaurante EntreBotas. <strong>Precio por persona<\/strong>.\r\n\r\nIncluye: VISITA Y CATA DE 5 VINOS + MEN\u00da CON MARIDAJE INCLUIDO.\r\n\r\n&nbsp;\r\n\r\nIMPORTANTE: Esta actividad estar\u00e1 disponible para cena a partir del 11 de junio 2026. S\u00ed est\u00e1 disponible para almuerzo.<\/div><div class=\"woo-list-buttons\"><a data-product_id=\"19133\" data-product_sku=\"\" aria-label=\"A\u00f1adir al carrito: &ldquo;EXPERIENCIA ROM\u00c1NTICA ENTREBOTAS&rdquo;\" rel=\"nofollow\" href=\"\/visitas\/wp-json\/wp\/v2\/pages\/19135?add-to-cart=19133\" data-quantity=\"1\" data-widget-id=\"a5113b0\" class=\"product_type_simple add_to_cart_button ajax_add_to_cart box-button elementor-button elementor-size-md\">A\u00f1adir al carrito<svg aria-hidden=\"true\" class=\"elementor-button-icon e-font-icon-svg e-fas-shopping-cart\" viewBox=\"0 0 576 512\" xmlns=\"http:\/\/www.w3.org\/2000\/svg\"><path d=\"M528.12 301.319l47.273-208C578.806 78.301 567.391 64 551.99 64H159.208l-9.166-44.81C147.758 8.021 137.93 0 126.529 0H24C10.745 0 0 10.745 0 24v16c0 13.255 10.745 24 24 24h69.883l70.248 343.435C147.325 417.1 136 435.222 136 456c0 30.928 25.072 56 56 56s56-25.072 56-56c0-15.674-6.447-29.835-16.824-40h209.647C430.447 426.165 424 440.326 424 456c0 30.928 25.072 56 56 56s56-25.072 56-56c0-22.172-12.888-41.332-31.579-50.405l5.517-24.276c3.413-15.018-8.002-29.319-23.403-29.319H218.117l-6.545-32h293.145c11.206 0 20.92-7.754 23.403-18.681z\"><\/path><\/svg><\/a><\/div><span class=\"gtm4wp_productdata\" style=\"display:none; visibility:hidden;\" data-gtm4wp_product_data=\"{&quot;internal_id&quot;:19133,&quot;item_id&quot;:19133,&quot;item_name&quot;:&quot;EXPERIENCIA ROM\\u00c1NTICA ENTREBOTAS&quot;,&quot;sku&quot;:19133,&quot;price&quot;:89.95,&quot;stocklevel&quot;:null,&quot;stockstatus&quot;:&quot;instock&quot;,&quot;google_business_vertical&quot;:&quot;retail&quot;,&quot;item_category&quot;:&quot;Bonos&quot;,&quot;id&quot;:19133,&quot;productlink&quot;:&quot;https:\\\/\\\/bodegashidalgolagitana.com\\\/visitas\\\/experiencia\\\/experiencia-romantica-entrebotas\\\/&quot;,&quot;item_list_name&quot;:&quot;Lista general de productos&quot;,&quot;index&quot;:4,&quot;product_type&quot;:&quot;simple&quot;,&quot;item_brand&quot;:&quot;&quot;}\"><\/span>\n\t\t\t\t<\/figcaption>\n\t\t\t<\/figure>\n\t\t<\/article>\n\n\t\t<\/div><\/div><\/div><div class=\"hidden added-to-cart-icon-template\"><svg aria-hidden=\"true\" class=\" e-font-icon-svg e-fas-shopping-cart\" viewBox=\"0 0 576 512\" xmlns=\"http:\/\/www.w3.org\/2000\/svg\"><path d=\"M528.12 301.319l47.273-208C578.806 78.301 567.391 64 551.99 64H159.208l-9.166-44.81C147.758 8.021 137.93 0 126.529 0H24C10.745 0 0 10.745 0 24v16c0 13.255 10.745 24 24 24h69.883l70.248 343.435C147.325 417.1 136 435.222 136 456c0 30.928 25.072 56 56 56s56-25.072 56-56c0-15.674-6.447-29.835-16.824-40h209.647C430.447 426.165 424 440.326 424 456c0 30.928 25.072 56 56 56s56-25.072 56-56c0-22.172-12.888-41.332-31.579-50.405l5.517-24.276c3.413-15.018-8.002-29.319-23.403-29.319H218.117l-6.545-32h293.145c11.206 0 20.92-7.754 23.403-18.681z\"><\/path><\/svg><\/div>\t\t\t\t<\/div>\n\t\t\t\t<\/div>\n\t\t\t\t\t<\/div>\n\t\t\t\t<\/div>\n\t\t\t\t<\/div>\n\t\t","protected":false},"excerpt":{"rendered":"<p>CATA PARA DOS 39,90&nbsp;&euro;Regala una visita guiada con cata de cinco vinos con copa en mano. Un paseo por nuestras bodegas y patios para disfrutar de nuestros mejores vinos a pie de bota. Precio para dos personas.A\u00f1adir al carrito EXPERIENCIA CLASSIC ENTREBOTAS 67,95&nbsp;&euro;Visita y cata de vinos con un final perfecto. Un men\u00fa tradicional en&hellip;<\/p>\n","protected":false},"author":1,"featured_media":0,"parent":0,"menu_order":0,"comment_status":"closed","ping_status":"closed","template":"","meta":{"footnotes":""},"class_list":["post-19135","page","type-page","status-publish","hentry","description-off"],"_links":{"self":[{"href":"https:\/\/bodegashidalgolagitana.com\/visitas\/wp-json\/wp\/v2\/pages\/19135","targetHints":{"allow":["GET"]}}],"collection":[{"href":"https:\/\/bodegashidalgolagitana.com\/visitas\/wp-json\/wp\/v2\/pages"}],"about":[{"href":"https:\/\/bodegashidalgolagitana.com\/visitas\/wp-json\/wp\/v2\/types\/page"}],"author":[{"embeddable":true,"href":"https:\/\/bodegashidalgolagitana.com\/visitas\/wp-json\/wp\/v2\/users\/1"}],"replies":[{"embeddable":true,"href":"https:\/\/bodegashidalgolagitana.com\/visitas\/wp-json\/wp\/v2\/comments?post=19135"}],"version-history":[{"count":14,"href":"https:\/\/bodegashidalgolagitana.com\/visitas\/wp-json\/wp\/v2\/pages\/19135\/revisions"}],"predecessor-version":[{"id":23851,"href":"https:\/\/bodegashidalgolagitana.com\/visitas\/wp-json\/wp\/v2\/pages\/19135\/revisions\/23851"}],"wp:attachment":[{"href":"https:\/\/bodegashidalgolagitana.com\/visitas\/wp-json\/wp\/v2\/media?parent=19135"}],"curies":[{"name":"wp","href":"https:\/\/api.w.org\/{rel}","templated":true}]}}