{"id":19614,"date":"2025-11-13T16:00:10","date_gmt":"2025-11-13T15:00:10","guid":{"rendered":"https:\/\/bodegashidalgolagitana.com\/visitas\/?page_id=19614"},"modified":"2026-02-19T09:05:12","modified_gmt":"2026-02-19T08:05:12","slug":"visita-y-comida","status":"publish","type":"page","link":"https:\/\/bodegashidalgolagitana.com\/visitas\/visita-y-comida\/","title":{"rendered":"Visita y Comida"},"content":{"rendered":"\t\t<div data-elementor-type=\"wp-page\" data-elementor-id=\"19614\" class=\"elementor elementor-19614\" data-elementor-post-type=\"page\">\n\t\t\t\t\t\t<section class=\"elementor-section elementor-inner-section elementor-element elementor-element-3e1da110 elementor-section-boxed elementor-section-height-default elementor-section-height-default\" data-id=\"3e1da110\" data-element_type=\"section\" data-e-type=\"section\">\n\t\t\t\t\t\t<div class=\"elementor-container elementor-column-gap-wider\">\n\t\t\t\t\t<div class=\"elementor-column elementor-col-50 elementor-inner-column elementor-element elementor-element-433508d\" data-id=\"433508d\" data-element_type=\"column\" data-e-type=\"column\">\n\t\t\t<div class=\"elementor-widget-wrap elementor-element-populated\">\n\t\t\t\t\t\t<div class=\"elementor-element elementor-element-2fe27582 elementor-widget elementor-widget-image\" data-id=\"2fe27582\" data-element_type=\"widget\" data-e-type=\"widget\" data-widget_type=\"image.default\">\n\t\t\t\t\t\t<div class=\"elementor-widget-container\">\n\t\t\t\t\t\t\t\t\t\t\t\t\t\t\t\t<a href=\"https:\/\/bodegashidalgolagitana.com\/visitas\/experiencia\/visita-y-comida-en-bodega\/\">\n\t\t\t\t\t\t\t<img decoding=\"async\" src=\"https:\/\/bodegashidalgolagitana.com\/visitas\/wp-content\/uploads\/elementor\/thumbs\/315220821_516700420475123_3632004947647550031_n-quw2vtjp57p4onsyv5wu6463jhot034ysfm72186dc.jpg\" title=\"Visita y Comida pack classic\" alt=\"Visita y Comida pack classic\" loading=\"lazy\" \/>\t\t\t\t\t\t\t\t<\/a>\n\t\t\t\t\t\t\t\t\t\t\t\t\t\t\t<\/div>\n\t\t\t\t<\/div>\n\t\t\t\t<div class=\"elementor-element elementor-element-115a0140 elementor-widget elementor-widget-heading\" data-id=\"115a0140\" data-element_type=\"widget\" data-e-type=\"widget\" data-widget_type=\"heading.default\">\n\t\t\t\t\t\t<div class=\"elementor-widget-container\">\n\t\t\t\t\t<h3 class=\"elementor-heading-title elementor-size-default\"><a href=\"https:\/\/bodegashidalgolagitana.com\/visitas\/experiencia\/visita-y-comida-en-bodega\/\">VISITA Y COMIDA <br>(PACK CLASSIC)<\/a><\/h3>\t\t\t\t<\/div>\n\t\t\t\t<\/div>\n\t\t\t\t<div class=\"elementor-element elementor-element-4f077bbd icon-box-vertical-align-center icon-position-mobile-left content-align-left icon-position-left icon-vertical-align-start elementor-widget elementor-widget-the7_icon_box_grid_widget\" data-id=\"4f077bbd\" data-element_type=\"widget\" data-e-type=\"widget\" data-widget_type=\"the7_icon_box_grid_widget.default\">\n\t\t\t\t\t\t<div class=\"elementor-widget-container\">\n\t\t\t\t\t<div class=\"the7-box-grid-wrapper the7-elementor-widget loading-effect-none the7_icon_box_grid_widget-4f077bbd\">\t\t\t<div class=\"dt-css-grid\">\n\t\t\t\t\t\t\t\t\t<div class=\"wf-cell shown\">\n\t\t\t\t\t\t<a class=\"the7-icon-box-grid box-hover\" href=\"https:\/\/bodegashidalgolagitana.com\/visitas\/experiencia\/visita-y-comida-en-bodega\/\" aria-label=\"Visita, cata de cinco vinos y men\u00fa en Restaurante EntreBotas. Un plan redondo y perfecto.\">\t\t\t\t\t\t\t<div class=\"box-content-wrapper\">\n\t\t\t\t\t\t\t\t\t\t\t\t\t\t\t\t\t<div class=\"elementor-icon-div\">\t\t\t\t\t\t\t\t\t\t<div class=\"elementor-icon\">\n\t\t\t\t\t\t\t\t\t\t\t<i aria-hidden=\"true\" class=\"feather feather-check\"><\/i>\t\t\t\t\t\t\t\t\t\t<\/div>\n\t\t\t\t\t\t\t\t\t<\/div>\t\t\t\t\t\t\t\t\t\t\t\t\t\t\t\t<div class=\"box-content\">\n\t\t\t\t\t\t\t\t\t\t\t\t\t\t\t\t\t\t\t\t\t\t\t\t\t\t\t\t\t<h4 class=\"box-heading\">\n\t\t\t\t\t\t\t\t\t\t\t\t\t\t\t\t\t\t\t\t\t\t\tVisita, cata de cinco vinos y men\u00fa en Restaurante EntreBotas. Un plan redondo y perfecto.\t\t\t\t\t\t\t\t\t\t\t\t\t\t\t\t\t\t\t\t\t<\/h4>\n\t\t\t\t\t\t\t\t\t\t\t\t\t\t\t\t\t\t\t\t\t\t\t\t\t\t\t\t\t\t\t\t\t\t\t<\/div>\n\t\t\t\t\t\t\t<\/div>\n\t\t\t\t\t\t<\/a>\t\t\t\t\t<\/div>\n\t\t\t\t\t\t\t<\/div>\n\t\t<\/div>\t\t\t\t<\/div>\n\t\t\t\t<\/div>\n\t\t\t\t<div class=\"elementor-element elementor-element-664ab280 elementor-align-center elementor-widget elementor-widget-the7_button_widget\" data-id=\"664ab280\" data-element_type=\"widget\" data-e-type=\"widget\" data-widget_type=\"the7_button_widget.default\">\n\t\t\t\t\t\t<div class=\"elementor-widget-container\">\n\t\t\t\t\t<div class=\"elementor-button-wrapper\"><a href=\"https:\/\/bodegashidalgolagitana.com\/visitas\/experiencia\/visita-y-comida-en-bodega\/\" class=\"box-button elementor-button elementor-size-sm\">Reservar<\/a><\/div>\t\t\t\t<\/div>\n\t\t\t\t<\/div>\n\t\t\t\t\t<\/div>\n\t\t<\/div>\n\t\t\t\t<div class=\"elementor-column elementor-col-50 elementor-inner-column elementor-element elementor-element-d08d889\" data-id=\"d08d889\" data-element_type=\"column\" data-e-type=\"column\">\n\t\t\t<div class=\"elementor-widget-wrap elementor-element-populated\">\n\t\t\t\t\t\t<div class=\"elementor-element elementor-element-93533a6 elementor-widget elementor-widget-image\" data-id=\"93533a6\" data-element_type=\"widget\" data-e-type=\"widget\" data-widget_type=\"image.default\">\n\t\t\t\t\t\t<div class=\"elementor-widget-container\">\n\t\t\t\t\t\t\t\t\t\t\t\t\t\t\t\t<a href=\"https:\/\/bodegashidalgolagitana.com\/visitas\/experiencia\/visita-y-comida-en-bodega-pack-gourmet\/\">\n\t\t\t\t\t\t\t<img decoding=\"async\" src=\"https:\/\/bodegashidalgolagitana.com\/visitas\/wp-content\/uploads\/elementor\/thumbs\/346804857_567629048834264_8948150630839676457_n-quw2vsluydnud1uc0ni7lmemy3tfse18gaypkr9kjk.jpg\" title=\"Visita y Comida Pack Gourmet\" alt=\"Visita y Comida Pack Gourmet\" loading=\"lazy\" \/>\t\t\t\t\t\t\t\t<\/a>\n\t\t\t\t\t\t\t\t\t\t\t\t\t\t\t<\/div>\n\t\t\t\t<\/div>\n\t\t\t\t<div class=\"elementor-element elementor-element-30296687 elementor-widget elementor-widget-heading\" data-id=\"30296687\" data-element_type=\"widget\" data-e-type=\"widget\" data-widget_type=\"heading.default\">\n\t\t\t\t\t\t<div class=\"elementor-widget-container\">\n\t\t\t\t\t<h3 class=\"elementor-heading-title elementor-size-default\"><a href=\"https:\/\/bodegashidalgolagitana.com\/visitas\/experiencia\/visitasnocturnas\/\">VISITA Y COMIDA<br>(PACK GOURMET)<\/a><\/h3>\t\t\t\t<\/div>\n\t\t\t\t<\/div>\n\t\t\t\t<div class=\"elementor-element elementor-element-57cbabc8 icon-box-vertical-align-center icon-position-mobile-left content-align-left icon-position-left icon-vertical-align-start elementor-widget elementor-widget-the7_icon_box_grid_widget\" data-id=\"57cbabc8\" data-element_type=\"widget\" data-e-type=\"widget\" data-widget_type=\"the7_icon_box_grid_widget.default\">\n\t\t\t\t\t\t<div class=\"elementor-widget-container\">\n\t\t\t\t\t<div class=\"the7-box-grid-wrapper the7-elementor-widget loading-effect-none the7_icon_box_grid_widget-57cbabc8\">\t\t\t<div class=\"dt-css-grid\">\n\t\t\t\t\t\t\t\t\t<div class=\"wf-cell shown\">\n\t\t\t\t\t\t<a class=\"the7-icon-box-grid box-hover\" href=\"https:\/\/bodegashidalgolagitana.com\/visitas\/experiencia\/visitasnocturnas\/\" aria-label=\"Una experiencia enogastron\u00f3mica \u00fanica. Visita, cata y men\u00fa gourmet con maridaje.\">\t\t\t\t\t\t\t<div class=\"box-content-wrapper\">\n\t\t\t\t\t\t\t\t\t\t\t\t\t\t\t\t\t<div class=\"elementor-icon-div\">\t\t\t\t\t\t\t\t\t\t<div class=\"elementor-icon\">\n\t\t\t\t\t\t\t\t\t\t\t<i aria-hidden=\"true\" class=\"feather feather-check\"><\/i>\t\t\t\t\t\t\t\t\t\t<\/div>\n\t\t\t\t\t\t\t\t\t<\/div>\t\t\t\t\t\t\t\t\t\t\t\t\t\t\t\t<div class=\"box-content\">\n\t\t\t\t\t\t\t\t\t\t\t\t\t\t\t\t\t\t\t\t\t\t\t\t\t\t\t\t\t<h4 class=\"box-heading\">\n\t\t\t\t\t\t\t\t\t\t\t\t\t\t\t\t\t\t\t\t\t\t\tUna experiencia enogastron\u00f3mica \u00fanica. Visita, cata y men\u00fa gourmet con maridaje.\t\t\t\t\t\t\t\t\t\t\t\t\t\t\t\t\t\t\t\t\t<\/h4>\n\t\t\t\t\t\t\t\t\t\t\t\t\t\t\t\t\t\t\t\t\t\t\t\t\t\t\t\t\t\t\t\t\t\t\t<\/div>\n\t\t\t\t\t\t\t<\/div>\n\t\t\t\t\t\t<\/a>\t\t\t\t\t<\/div>\n\t\t\t\t\t\t\t<\/div>\n\t\t<\/div>\t\t\t\t<\/div>\n\t\t\t\t<\/div>\n\t\t\t\t<div class=\"elementor-element elementor-element-48d5421 elementor-align-center elementor-widget elementor-widget-the7_button_widget\" data-id=\"48d5421\" data-element_type=\"widget\" data-e-type=\"widget\" data-widget_type=\"the7_button_widget.default\">\n\t\t\t\t\t\t<div class=\"elementor-widget-container\">\n\t\t\t\t\t<div class=\"elementor-button-wrapper\"><a href=\"https:\/\/bodegashidalgolagitana.com\/visitas\/experiencia\/visita-y-comida-en-bodega-pack-gourmet\/\" class=\"box-button elementor-button elementor-size-sm\">Reservar<\/a><\/div>\t\t\t\t<\/div>\n\t\t\t\t<\/div>\n\t\t\t\t\t<\/div>\n\t\t<\/div>\n\t\t\t\t\t<\/div>\n\t\t<\/section>\n\t\t\t\t<\/div>\n\t\t","protected":false},"excerpt":{"rendered":"<p>VISITA Y COMIDA (PACK CLASSIC) Visita, cata de cinco vinos y men\u00fa en Restaurante EntreBotas. Un plan redondo y perfecto. Reservar VISITA Y COMIDA(PACK GOURMET) Una experiencia enogastron\u00f3mica \u00fanica. Visita, cata y men\u00fa gourmet con maridaje. Reservar<\/p>\n","protected":false},"author":1,"featured_media":0,"parent":0,"menu_order":0,"comment_status":"closed","ping_status":"closed","template":"","meta":{"footnotes":""},"class_list":["post-19614","page","type-page","status-publish","hentry"],"_links":{"self":[{"href":"https:\/\/bodegashidalgolagitana.com\/visitas\/wp-json\/wp\/v2\/pages\/19614","targetHints":{"allow":["GET"]}}],"collection":[{"href":"https:\/\/bodegashidalgolagitana.com\/visitas\/wp-json\/wp\/v2\/pages"}],"about":[{"href":"https:\/\/bodegashidalgolagitana.com\/visitas\/wp-json\/wp\/v2\/types\/page"}],"author":[{"embeddable":true,"href":"https:\/\/bodegashidalgolagitana.com\/visitas\/wp-json\/wp\/v2\/users\/1"}],"replies":[{"embeddable":true,"href":"https:\/\/bodegashidalgolagitana.com\/visitas\/wp-json\/wp\/v2\/comments?post=19614"}],"version-history":[{"count":19,"href":"https:\/\/bodegashidalgolagitana.com\/visitas\/wp-json\/wp\/v2\/pages\/19614\/revisions"}],"predecessor-version":[{"id":21381,"href":"https:\/\/bodegashidalgolagitana.com\/visitas\/wp-json\/wp\/v2\/pages\/19614\/revisions\/21381"}],"wp:attachment":[{"href":"https:\/\/bodegashidalgolagitana.com\/visitas\/wp-json\/wp\/v2\/media?parent=19614"}],"curies":[{"name":"wp","href":"https:\/\/api.w.org\/{rel}","templated":true}]}}