{"id":19666,"date":"2025-11-14T20:37:58","date_gmt":"2025-11-14T19:37:58","guid":{"rendered":"https:\/\/bodegashidalgolagitana.com\/visitas\/?page_id=19666"},"modified":"2025-11-14T20:44:52","modified_gmt":"2025-11-14T19:44:52","slug":"visitas-a-vinedos","status":"publish","type":"page","link":"https:\/\/bodegashidalgolagitana.com\/visitas\/visitas-a-vinedos\/","title":{"rendered":"Visita a vi\u00f1edos"},"content":{"rendered":"\t\t<div data-elementor-type=\"wp-page\" data-elementor-id=\"19666\" class=\"elementor elementor-19666\" data-elementor-post-type=\"page\">\n\t\t\t\t\t\t<section class=\"elementor-section elementor-inner-section elementor-element elementor-element-224db525 elementor-section-boxed elementor-section-height-default elementor-section-height-default\" data-id=\"224db525\" data-element_type=\"section\" data-e-type=\"section\">\n\t\t\t\t\t\t<div class=\"elementor-container elementor-column-gap-wider\">\n\t\t\t\t\t<div class=\"elementor-column elementor-col-33 elementor-inner-column elementor-element elementor-element-2862f261\" data-id=\"2862f261\" data-element_type=\"column\" data-e-type=\"column\">\n\t\t\t<div class=\"elementor-widget-wrap elementor-element-populated\">\n\t\t\t\t\t\t<div class=\"elementor-element elementor-element-3f1dba66 elementor-widget elementor-widget-image\" data-id=\"3f1dba66\" data-element_type=\"widget\" data-e-type=\"widget\" data-widget_type=\"image.default\">\n\t\t\t\t\t\t<div class=\"elementor-widget-container\">\n\t\t\t\t\t\t\t\t\t\t\t\t\t\t\t\t<a href=\"https:\/\/bodegashidalgolagitana.com\/visitas\/experiencia\/una-manana-en-la-vina\/\">\n\t\t\t\t\t\t\t<img decoding=\"async\" src=\"https:\/\/bodegashidalgolagitana.com\/visitas\/wp-content\/uploads\/elementor\/thumbs\/VINA-3-qv0fqy98my753ad866pbauwt1gb924uluia140sv22.jpg\" title=\"VI\u00d1A 3\" alt=\"VI\u00d1A 3\" loading=\"lazy\" \/>\t\t\t\t\t\t\t\t<\/a>\n\t\t\t\t\t\t\t\t\t\t\t\t\t\t\t<\/div>\n\t\t\t\t<\/div>\n\t\t\t\t<div class=\"elementor-element elementor-element-3a5bb66b elementor-widget elementor-widget-heading\" data-id=\"3a5bb66b\" data-element_type=\"widget\" data-e-type=\"widget\" data-widget_type=\"heading.default\">\n\t\t\t\t\t\t<div class=\"elementor-widget-container\">\n\t\t\t\t\t<h3 class=\"elementor-heading-title elementor-size-default\"><a href=\"http:\/\/Visita%20nuestros%20vi\u00f1edos%20de%20Vi\u00f1a%20El%20Cuadrado%20y%20disfruta%20de%20una%20cata%20de%20vinos%20de%20nuestra%20Bodega.%20(no%20incluye%20visita%20a%20las%20Bodegas)\">UNA MA\u00d1ANA EN LA VI\u00d1A<\/a><\/h3>\t\t\t\t<\/div>\n\t\t\t\t<\/div>\n\t\t\t\t<div class=\"elementor-element elementor-element-57fad71d icon-box-vertical-align-center icon-position-mobile-left content-align-left icon-position-left icon-vertical-align-start elementor-widget elementor-widget-the7_icon_box_grid_widget\" data-id=\"57fad71d\" data-element_type=\"widget\" data-e-type=\"widget\" data-settings=\"{&quot;_animation&quot;:&quot;none&quot;}\" data-widget_type=\"the7_icon_box_grid_widget.default\">\n\t\t\t\t\t\t<div class=\"elementor-widget-container\">\n\t\t\t\t\t<div class=\"the7-box-grid-wrapper the7-elementor-widget loading-effect-none the7_icon_box_grid_widget-57fad71d\">\t\t\t<div class=\"dt-css-grid\">\n\t\t\t\t\t\t\t\t\t<div class=\"wf-cell shown\">\n\t\t\t\t\t\t<a class=\"the7-icon-box-grid box-hover\" href=\"https:\/\/bodegashidalgolagitana.com\/visitas\/wp-content\/uploads\/elementor\/thumbs\/VINA-3-qv0fqy98my6zz515l61762yaxzp78nut74wkls64ao.jpg\" aria-label=\" Visita nuestros vi\u00f1edos de Vi\u00f1a El Cuadrado y disfruta de una cata de vinos de nuestra Bodega. (no incluye visita a las Bodegas)\">\t\t\t\t\t\t\t<div class=\"box-content-wrapper\">\n\t\t\t\t\t\t\t\t\t\t\t\t\t\t\t\t\t<div class=\"elementor-icon-div\">\t\t\t\t\t\t\t\t\t\t<div class=\"elementor-icon\">\n\t\t\t\t\t\t\t\t\t\t\t<i aria-hidden=\"true\" class=\"feather feather-check\"><\/i>\t\t\t\t\t\t\t\t\t\t<\/div>\n\t\t\t\t\t\t\t\t\t<\/div>\t\t\t\t\t\t\t\t\t\t\t\t\t\t\t\t<div class=\"box-content\">\n\t\t\t\t\t\t\t\t\t\t\t\t\t\t\t\t\t\t\t\t\t\t\t\t\t\t\t\t\t<h4 class=\"box-heading\">\n\t\t\t\t\t\t\t\t\t\t\t\t\t\t\t\t\t\t\t\t\t\t\t Visita nuestros vi\u00f1edos de Vi\u00f1a El Cuadrado y disfruta de una cata de vinos de nuestra Bodega. (no incluye visita a las Bodegas)\t\t\t\t\t\t\t\t\t\t\t\t\t\t\t\t\t\t\t\t\t<\/h4>\n\t\t\t\t\t\t\t\t\t\t\t\t\t\t\t\t\t\t\t\t\t\t\t\t\t\t\t\t\t\t\t\t\t\t\t<\/div>\n\t\t\t\t\t\t\t<\/div>\n\t\t\t\t\t\t<\/a>\t\t\t\t\t<\/div>\n\t\t\t\t\t\t\t<\/div>\n\t\t<\/div>\t\t\t\t<\/div>\n\t\t\t\t<\/div>\n\t\t\t\t<div class=\"elementor-element elementor-element-27e84e8d elementor-align-center elementor-widget elementor-widget-the7_button_widget\" data-id=\"27e84e8d\" data-element_type=\"widget\" data-e-type=\"widget\" data-widget_type=\"the7_button_widget.default\">\n\t\t\t\t\t\t<div class=\"elementor-widget-container\">\n\t\t\t\t\t<div class=\"elementor-button-wrapper\"><a href=\"https:\/\/bodegashidalgolagitana.com\/visitas\/experiencia\/una-manana-en-la-vina\/\" class=\"box-button elementor-button elementor-size-sm\">Reservar<\/a><\/div>\t\t\t\t<\/div>\n\t\t\t\t<\/div>\n\t\t\t\t\t<\/div>\n\t\t<\/div>\n\t\t\t\t<div class=\"elementor-column elementor-col-33 elementor-inner-column elementor-element elementor-element-2c771460\" data-id=\"2c771460\" data-element_type=\"column\" data-e-type=\"column\">\n\t\t\t<div class=\"elementor-widget-wrap elementor-element-populated\">\n\t\t\t\t\t\t<div class=\"elementor-element elementor-element-6eed1dd8 elementor-widget elementor-widget-image\" data-id=\"6eed1dd8\" data-element_type=\"widget\" data-e-type=\"widget\" data-widget_type=\"image.default\">\n\t\t\t\t\t\t<div class=\"elementor-widget-container\">\n\t\t\t\t\t\t\t\t\t\t\t\t\t\t\t\t<a href=\"https:\/\/bodegashidalgolagitana.com\/visitas\/experiencia\/de-la-vina-a-la-bota\/\">\n\t\t\t\t\t\t\t<img decoding=\"async\" src=\"https:\/\/bodegashidalgolagitana.com\/visitas\/wp-content\/uploads\/elementor\/thumbs\/357530149_780306007235148_3252984930819072256_n-1-quw2vsluydnud1uc0ni7lmemy3tfse18gaypkr9kjk.jpg\" title=\"357530149_780306007235148_3252984930819072256_n-1\" alt=\"357530149_780306007235148_3252984930819072256_n-1\" loading=\"lazy\" \/>\t\t\t\t\t\t\t\t<\/a>\n\t\t\t\t\t\t\t\t\t\t\t\t\t\t\t<\/div>\n\t\t\t\t<\/div>\n\t\t\t\t<div class=\"elementor-element elementor-element-72d0538e elementor-widget elementor-widget-heading\" data-id=\"72d0538e\" data-element_type=\"widget\" data-e-type=\"widget\" data-widget_type=\"heading.default\">\n\t\t\t\t\t\t<div class=\"elementor-widget-container\">\n\t\t\t\t\t<h3 class=\"elementor-heading-title elementor-size-default\"><a href=\"http:\/\/Visita%20nuestros%20vi\u00f1edos%20y%20cata%20nuestros%20vinos%20de%20alta%20gama%20desde%20las%20botas%20en%20nuestras%20Bodegas.%20Una%20experiencia%20top.\">DE LA VI\u00d1A A LA BOTA<\/a><\/h3>\t\t\t\t<\/div>\n\t\t\t\t<\/div>\n\t\t\t\t<div class=\"elementor-element elementor-element-30275421 icon-box-vertical-align-center icon-position-mobile-left content-align-left icon-position-left icon-vertical-align-start elementor-widget elementor-widget-the7_icon_box_grid_widget\" data-id=\"30275421\" data-element_type=\"widget\" data-e-type=\"widget\" data-widget_type=\"the7_icon_box_grid_widget.default\">\n\t\t\t\t\t\t<div class=\"elementor-widget-container\">\n\t\t\t\t\t<div class=\"the7-box-grid-wrapper the7-elementor-widget loading-effect-none the7_icon_box_grid_widget-30275421\">\t\t\t<div class=\"dt-css-grid\">\n\t\t\t\t\t\t\t\t\t<div class=\"wf-cell shown\">\n\t\t\t\t\t\t<a class=\"the7-icon-box-grid box-hover\" href=\"https:\/\/bodegashidalgolagitana.com\/visitas\/experiencia\/de-la-vina-a-la-bota\/\" aria-label=\" Visita nuestros vi\u00f1edos y cata nuestros vinos de alta gama desde las botas en nuestras Bodegas. Una experiencia top.\">\t\t\t\t\t\t\t<div class=\"box-content-wrapper\">\n\t\t\t\t\t\t\t\t\t\t\t\t\t\t\t\t\t<div class=\"elementor-icon-div\">\t\t\t\t\t\t\t\t\t\t<div class=\"elementor-icon\">\n\t\t\t\t\t\t\t\t\t\t\t<i aria-hidden=\"true\" class=\"feather feather-check\"><\/i>\t\t\t\t\t\t\t\t\t\t<\/div>\n\t\t\t\t\t\t\t\t\t<\/div>\t\t\t\t\t\t\t\t\t\t\t\t\t\t\t\t<div class=\"box-content\">\n\t\t\t\t\t\t\t\t\t\t\t\t\t\t\t\t\t\t\t\t\t\t\t\t\t\t\t\t\t<h4 class=\"box-heading\">\n\t\t\t\t\t\t\t\t\t\t\t\t\t\t\t\t\t\t\t\t\t\t\t Visita nuestros vi\u00f1edos y cata nuestros vinos de alta gama desde las botas en nuestras Bodegas. Una experiencia top.\t\t\t\t\t\t\t\t\t\t\t\t\t\t\t\t\t\t\t\t\t<\/h4>\n\t\t\t\t\t\t\t\t\t\t\t\t\t\t\t\t\t\t\t\t\t\t\t\t\t\t\t\t\t\t\t\t\t\t\t<\/div>\n\t\t\t\t\t\t\t<\/div>\n\t\t\t\t\t\t<\/a>\t\t\t\t\t<\/div>\n\t\t\t\t\t\t\t<\/div>\n\t\t<\/div>\t\t\t\t<\/div>\n\t\t\t\t<\/div>\n\t\t\t\t<div class=\"elementor-element elementor-element-261c86b0 elementor-align-center elementor-widget elementor-widget-the7_button_widget\" data-id=\"261c86b0\" data-element_type=\"widget\" data-e-type=\"widget\" data-widget_type=\"the7_button_widget.default\">\n\t\t\t\t\t\t<div class=\"elementor-widget-container\">\n\t\t\t\t\t<div class=\"elementor-button-wrapper\"><a href=\"https:\/\/bodegashidalgolagitana.com\/visitas\/experiencia\/de-la-vina-a-la-bota\/\" class=\"box-button elementor-button elementor-size-sm\">Reservar<\/a><\/div>\t\t\t\t<\/div>\n\t\t\t\t<\/div>\n\t\t\t\t\t<\/div>\n\t\t<\/div>\n\t\t\t\t<div class=\"elementor-column elementor-col-33 elementor-inner-column elementor-element elementor-element-44bdf943\" data-id=\"44bdf943\" data-element_type=\"column\" data-e-type=\"column\">\n\t\t\t<div class=\"elementor-widget-wrap elementor-element-populated\">\n\t\t\t\t\t\t<div class=\"elementor-element elementor-element-77b34fb5 elementor-widget elementor-widget-image\" data-id=\"77b34fb5\" data-element_type=\"widget\" data-e-type=\"widget\" data-widget_type=\"image.default\">\n\t\t\t\t\t\t<div class=\"elementor-widget-container\">\n\t\t\t\t\t\t\t\t\t\t\t\t\t\t\t\t<a href=\"https:\/\/bodegashidalgolagitana.com\/visitas\/experiencia\/atardecer-en-la-vina\/\">\n\t\t\t\t\t\t\t<img decoding=\"async\" src=\"https:\/\/bodegashidalgolagitana.com\/visitas\/wp-content\/uploads\/elementor\/thumbs\/295751638_1035918457109272_972734913266681263_n-quw2vsluydnk4r66um5zc2hmr6lc5g1n5k7ska030s.jpg\" title=\"295751638_1035918457109272_972734913266681263_n\" alt=\"295751638_1035918457109272_972734913266681263_n\" loading=\"lazy\" \/>\t\t\t\t\t\t\t\t<\/a>\n\t\t\t\t\t\t\t\t\t\t\t\t\t\t\t<\/div>\n\t\t\t\t<\/div>\n\t\t\t\t<div class=\"elementor-element elementor-element-2ab52b71 elementor-widget elementor-widget-heading\" data-id=\"2ab52b71\" data-element_type=\"widget\" data-e-type=\"widget\" data-widget_type=\"heading.default\">\n\t\t\t\t\t\t<div class=\"elementor-widget-container\">\n\t\t\t\t\t<h3 class=\"elementor-heading-title elementor-size-default\"><a href=\"https:\/\/bodegashidalgolagitana.com\/visitas\/experiencia\/atardecer-en-la-vina\/\">ATARDECER EN LA VI\u00d1A<\/a><\/h3>\t\t\t\t<\/div>\n\t\t\t\t<\/div>\n\t\t\t\t<div class=\"elementor-element elementor-element-52188744 icon-box-vertical-align-center icon-position-mobile-left content-align-left icon-position-left icon-vertical-align-start elementor-widget elementor-widget-the7_icon_box_grid_widget\" data-id=\"52188744\" data-element_type=\"widget\" data-e-type=\"widget\" data-widget_type=\"the7_icon_box_grid_widget.default\">\n\t\t\t\t\t\t<div class=\"elementor-widget-container\">\n\t\t\t\t\t<div class=\"the7-box-grid-wrapper the7-elementor-widget loading-effect-none the7_icon_box_grid_widget-52188744\">\t\t\t<div class=\"dt-css-grid\">\n\t\t\t\t\t\t\t\t\t<div class=\"wf-cell shown\">\n\t\t\t\t\t\t<a class=\"the7-icon-box-grid box-hover\" href=\"https:\/\/bodegashidalgolagitana.com\/visitas\/experiencia\/atardecer-en-la-vina\/\" aria-label=\" Visita de nuestros vi\u00f1edos al caer el sol y cata de vinos al atardecer, una experiencia \u00fanica y muy rom\u00e1ntica.\">\t\t\t\t\t\t\t<div class=\"box-content-wrapper\">\n\t\t\t\t\t\t\t\t\t\t\t\t\t\t\t\t\t<div class=\"elementor-icon-div\">\t\t\t\t\t\t\t\t\t\t<div class=\"elementor-icon\">\n\t\t\t\t\t\t\t\t\t\t\t<i aria-hidden=\"true\" class=\"feather feather-check\"><\/i>\t\t\t\t\t\t\t\t\t\t<\/div>\n\t\t\t\t\t\t\t\t\t<\/div>\t\t\t\t\t\t\t\t\t\t\t\t\t\t\t\t<div class=\"box-content\">\n\t\t\t\t\t\t\t\t\t\t\t\t\t\t\t\t\t\t\t\t\t\t\t\t\t\t\t\t\t<h4 class=\"box-heading\">\n\t\t\t\t\t\t\t\t\t\t\t\t\t\t\t\t\t\t\t\t\t\t\t Visita de nuestros vi\u00f1edos al caer el sol y cata de vinos al atardecer, una experiencia \u00fanica y muy rom\u00e1ntica.\t\t\t\t\t\t\t\t\t\t\t\t\t\t\t\t\t\t\t\t\t<\/h4>\n\t\t\t\t\t\t\t\t\t\t\t\t\t\t\t\t\t\t\t\t\t\t\t\t\t\t\t\t\t\t\t\t\t\t\t<\/div>\n\t\t\t\t\t\t\t<\/div>\n\t\t\t\t\t\t<\/a>\t\t\t\t\t<\/div>\n\t\t\t\t\t\t\t<\/div>\n\t\t<\/div>\t\t\t\t<\/div>\n\t\t\t\t<\/div>\n\t\t\t\t<div class=\"elementor-element elementor-element-7d2243f3 elementor-align-center elementor-widget elementor-widget-the7_button_widget\" data-id=\"7d2243f3\" data-element_type=\"widget\" data-e-type=\"widget\" data-widget_type=\"the7_button_widget.default\">\n\t\t\t\t\t\t<div class=\"elementor-widget-container\">\n\t\t\t\t\t<div class=\"elementor-button-wrapper\"><a href=\"https:\/\/bodegashidalgolagitana.com\/visitas\/experiencia\/atardecer-en-la-vina\/\" class=\"box-button elementor-button elementor-size-sm\">Reservar<\/a><\/div>\t\t\t\t<\/div>\n\t\t\t\t<\/div>\n\t\t\t\t\t<\/div>\n\t\t<\/div>\n\t\t\t\t\t<\/div>\n\t\t<\/section>\n\t\t\t\t<\/div>\n\t\t","protected":false},"excerpt":{"rendered":"<p>UNA MA\u00d1ANA EN LA VI\u00d1A Visita nuestros vi\u00f1edos de Vi\u00f1a El Cuadrado y disfruta de una cata de vinos de nuestra Bodega. (no incluye visita a las Bodegas) Reservar DE LA VI\u00d1A A LA BOTA Visita nuestros vi\u00f1edos y cata nuestros vinos de alta gama desde las botas en nuestras Bodegas. Una experiencia top. Reservar&hellip;<\/p>\n","protected":false},"author":1,"featured_media":0,"parent":0,"menu_order":0,"comment_status":"closed","ping_status":"closed","template":"","meta":{"footnotes":""},"class_list":["post-19666","page","type-page","status-publish","hentry"],"_links":{"self":[{"href":"https:\/\/bodegashidalgolagitana.com\/visitas\/wp-json\/wp\/v2\/pages\/19666","targetHints":{"allow":["GET"]}}],"collection":[{"href":"https:\/\/bodegashidalgolagitana.com\/visitas\/wp-json\/wp\/v2\/pages"}],"about":[{"href":"https:\/\/bodegashidalgolagitana.com\/visitas\/wp-json\/wp\/v2\/types\/page"}],"author":[{"embeddable":true,"href":"https:\/\/bodegashidalgolagitana.com\/visitas\/wp-json\/wp\/v2\/users\/1"}],"replies":[{"embeddable":true,"href":"https:\/\/bodegashidalgolagitana.com\/visitas\/wp-json\/wp\/v2\/comments?post=19666"}],"version-history":[{"count":5,"href":"https:\/\/bodegashidalgolagitana.com\/visitas\/wp-json\/wp\/v2\/pages\/19666\/revisions"}],"predecessor-version":[{"id":19674,"href":"https:\/\/bodegashidalgolagitana.com\/visitas\/wp-json\/wp\/v2\/pages\/19666\/revisions\/19674"}],"wp:attachment":[{"href":"https:\/\/bodegashidalgolagitana.com\/visitas\/wp-json\/wp\/v2\/media?parent=19666"}],"curies":[{"name":"wp","href":"https:\/\/api.w.org\/{rel}","templated":true}]}}