{"id":7308,"date":"2024-09-24T12:31:10","date_gmt":"2024-09-24T10:31:10","guid":{"rendered":"https:\/\/bodegashidalgolagitana.com\/visitas\/?page_id=7308"},"modified":"2024-09-24T12:31:13","modified_gmt":"2024-09-24T10:31:13","slug":"aviso-legal","status":"publish","type":"page","link":"https:\/\/bodegashidalgolagitana.com\/visitas\/aviso-legal\/","title":{"rendered":"Aviso Legal"},"content":{"rendered":"\n<p><strong>Informaci\u00f3n General Del Sitio Web<\/strong><\/p>\n\n\n\n<p>Para dar cumplimiento a lo establecido en la Ley 34\/2002 de 11 de julio, de Servicios de la Sociedad de la Informaci\u00f3n y de Comercio Electr\u00f3nico (LSSICE), a continuaci\u00f3n, se indican los datos de informaci\u00f3n general del sitio web www.bodegashidalgolagitana.com<\/p>\n\n\n\n<p>Nuestra entidad cuenta con los requisitos de la ley 03\/2018 de protecci\u00f3n de datos y garant\u00eda de los derechos digitales.<\/p>\n\n\n\n<p>Raz\u00f3n social: VI\u00d1AS Y VINOS, SL N.I.F.: B11059532<\/p>\n\n\n\n<p>Direcci\u00f3n: C\/ Banda Playa, 24 11540, C\u00e1diz, Espa\u00f1a. Tel\u00e9fono: . Fax: Direcci\u00f3n de contacto: C\/ Banda Playa, 42 11540, C\u00e1diz, Espa\u00f1a. Tel\u00e9fono: .. E-mail de contacto: bodegashidalgo@lagitana.es<\/p>\n\n\n\n<p><strong>Utilizaci\u00f3n del Sitio Web<\/strong><\/p>\n\n\n\n<p>El sitio web www.bodegashidalgolagitana.com es ofrecido con fines informativos en relaci\u00f3n con la actividad desarrollada por BODEGAS HIDALGO LA GITANA, S.A, en adelante BODEGAS HIDALGO LA GITANA, S.A El usuario de la web, mediante su acceso y navegaci\u00f3n por la misma, se obliga a utilizarla conforme a la legislaci\u00f3n vigente de cada momento y a las condiciones establecidas en el presente aviso legal, la moral y las buenas costumbres generalmente aceptadas y el orden p\u00fablico.<\/p>\n\n\n\n<p>El usuario responder\u00e1 frente a BODEGAS HIDALGO LA GITANA, S.A y\/o frente a terceros, de cualesquiera da\u00f1os y perjuicios que pudieran causarse como consecuencia del incumplimiento de dicha obligaci\u00f3n.<\/p>\n","protected":false},"excerpt":{"rendered":"<p>Informaci\u00f3n General Del Sitio Web Para dar cumplimiento a lo establecido en la Ley 34\/2002 de 11 de julio, de Servicios de la Sociedad de la Informaci\u00f3n y de Comercio Electr\u00f3nico (LSSICE), a continuaci\u00f3n, se indican los datos de informaci\u00f3n general del sitio web www.bodegashidalgolagitana.com Nuestra entidad cuenta con los requisitos de la ley 03\/2018&hellip;<\/p>\n","protected":false},"author":1,"featured_media":0,"parent":0,"menu_order":0,"comment_status":"closed","ping_status":"closed","template":"","meta":{"footnotes":""},"class_list":["post-7308","page","type-page","status-publish","hentry","description-off"],"_links":{"self":[{"href":"https:\/\/bodegashidalgolagitana.com\/visitas\/wp-json\/wp\/v2\/pages\/7308","targetHints":{"allow":["GET"]}}],"collection":[{"href":"https:\/\/bodegashidalgolagitana.com\/visitas\/wp-json\/wp\/v2\/pages"}],"about":[{"href":"https:\/\/bodegashidalgolagitana.com\/visitas\/wp-json\/wp\/v2\/types\/page"}],"author":[{"embeddable":true,"href":"https:\/\/bodegashidalgolagitana.com\/visitas\/wp-json\/wp\/v2\/users\/1"}],"replies":[{"embeddable":true,"href":"https:\/\/bodegashidalgolagitana.com\/visitas\/wp-json\/wp\/v2\/comments?post=7308"}],"version-history":[{"count":1,"href":"https:\/\/bodegashidalgolagitana.com\/visitas\/wp-json\/wp\/v2\/pages\/7308\/revisions"}],"predecessor-version":[{"id":7309,"href":"https:\/\/bodegashidalgolagitana.com\/visitas\/wp-json\/wp\/v2\/pages\/7308\/revisions\/7309"}],"wp:attachment":[{"href":"https:\/\/bodegashidalgolagitana.com\/visitas\/wp-json\/wp\/v2\/media?parent=7308"}],"curies":[{"name":"wp","href":"https:\/\/api.w.org\/{rel}","templated":true}]}}