{"id":7310,"date":"2024-09-24T12:32:20","date_gmt":"2024-09-24T10:32:20","guid":{"rendered":"https:\/\/bodegashidalgolagitana.com\/visitas\/?page_id=7310"},"modified":"2024-09-24T12:32:23","modified_gmt":"2024-09-24T10:32:23","slug":"condiciones-generales","status":"publish","type":"page","link":"https:\/\/bodegashidalgolagitana.com\/visitas\/condiciones-generales\/","title":{"rendered":"Condiciones generales"},"content":{"rendered":"\n<h2 class=\"wp-block-heading\">Condiciones Generales<\/h2>\n\n\n\n<p>A continuaci\u00f3n, se expone el documento contractual que regir\u00e1 la contrataci\u00f3n de productos y servicios a trav\u00e9s del sitio web&nbsp;<a class=\"\" href=\"http:\/\/bodegashidalgolagitana.com\/\">bodegashidalgolagitana.com<\/a>&nbsp;, propiedad de Vi\u00f1as y vinos SLU (en adelante el prestador).<\/p>\n\n\n\n<p>La aceptaci\u00f3n del presente documento conlleva que el usuario:<\/p>\n\n\n\n<p>a. Ha le\u00eddo, entiende y comprende lo aqu\u00ed expuesto.<\/p>\n\n\n\n<p>b. Que es una persona con capacidad suficiente para contratar.<\/p>\n\n\n\n<p>c. Que asume todas las obligaciones aqu\u00ed dispuestas.<\/p>\n\n\n\n<p>Las presentes Condiciones tendr\u00e1n un periodo de validez indefinido y ser\u00e1n aplicables a todas las contrataciones realizadas a trav\u00e9s del sitio web&nbsp;<a class=\"\" href=\"http:\/\/bodegashidalgolagitana.com\/\">bodegashidalgolagitana.com<\/a>&nbsp;del prestador.<\/p>\n\n\n\n<p>El prestador se reserva el derecho de modificar unilateralmente dichas Condiciones, sin que ello pueda afectar a los bienes o promociones que fueron adquiridos previamente a la modificaci\u00f3n.<\/p>\n\n\n\n<h4 class=\"wp-block-heading\">IDENTIDAD DE LAS PARTES<\/h4>\n\n\n\n<p>&nbsp;Por una parte, el proveedor de los bienes o servicios contratados por el usuario es<\/p>\n\n\n\n<p>-Denominaci\u00f3n Social: Vi\u00f1as y vinos SLU<br class=\"\">-CIF \/ NIF: B11059532<br class=\"\">-Nombre Comercial: La Gitana<br class=\"\">-Domicilio Social: C\/ Banda Playa, 42 \u2013 11540 Sanl\u00facar De Barrameda (C\u00e1diz)<br class=\"\">-Responsable de Seguridad: [Ferm\u00edn Hidalgo Garc\u00eda] (<a class=\"\" href=\"mailto:bodegashidalgo@lagitana.es\">bodegashidalgo@lagitana.es<\/a>)<\/p>\n\n\n\n<p>Contacto<\/p>\n\n\n\n<p>-Tel\u00e9fono: 956 38 53 04<br class=\"\">\u2013<a class=\"\" href=\"mailto:bodegashidalgo@lagitana.es\">eMail: bodegashidalgo@lagitana.es<\/a><br class=\"\">-Formulario de contacto online:&nbsp;<a class=\"\" href=\"https:\/\/bodegashidalgolagitana.com\/atencion-al-cliente\/\">https:\/\/bodegashidalgolagitana.com\/atencion-al-cliente\/<\/a><\/p>\n\n\n\n<p>Registros:<\/p>\n\n\n\n<p>-Inscrita en el Registro Mercantil de C\u00e1diz: Tomo 22, Libro , Folio 101, Secci\u00f3n, Hoja 713<br class=\"\">-Registro de Tratamientos conforme al RGPD: Clientes\/Proveedores, Videovigilancia, Empleados, Selecci\u00f3n de Personal y Usuarios Web.<\/p>\n\n\n\n<p>-Nombre de dominio (sitio web):&nbsp;<a class=\"\" href=\"https:\/\/bodegashidalgolagitana.com\/\">https:\/\/bodegashidalgolagitana.com<\/a>&nbsp;y de otra, el usuario, registrado en el sitio web mediante un nombre de usuario y contrase\u00f1a, sobre los que tiene responsabilidad plena de uso y custodia, siendo responsable de la veracidad de los datos personales facilitados al prestador.<\/p>\n\n\n\n<h4 class=\"wp-block-heading\">OBJETO DEL CONTRATO<\/h4>\n\n\n\n<p>El presente contrato tiene por objeto regular la relaci\u00f3n contractual de compraventa nacida entre el prestador y el usuario en el momento en que \u00e9ste marca durante el proceso de contrataci\u00f3n online la casilla correspondiente, en se\u00f1al de conformidad.<\/p>\n\n\n\n<p>La relaci\u00f3n contractual de compraventa conlleva la entrega, a cambio de un precio determinado y p\u00fablicamente expuesto a trav\u00e9s del sitio web, de un producto o servicio concreto.<\/p>\n\n\n\n<h4 class=\"wp-block-heading\">PROCEDIMIENTO DE CONTRATACI\u00d3N<\/h4>\n\n\n\n<p>El procedimiento de contrataci\u00f3n \u00fanicamente podr\u00e1 ser realizado en el idioma castellano. En caso de que pudiera llevarse a cabo en otro idioma ser\u00e1 indicado antes de iniciar el procedimiento de contrataci\u00f3n.<\/p>\n\n\n\n<p>El usuario para poder acceder a los servicios ofrecidos por el prestador, deber\u00e1 darse de alta a trav\u00e9s del sitio web mediante la creaci\u00f3n de una cuenta de usuario. Para ello, el usuario deber\u00e1 proporcionar de manera libre y voluntaria los datos personales que le ser\u00e1n requeridos.<\/p>\n\n\n\n<p>El hecho de registrarse no obliga a realizar una compra, pero s\u00ed es necesario en caso de desear hacerla.<\/p>\n\n\n\n<p>El usuario dispondr\u00e1 de un nombre de usuario y de una contrase\u00f1a, comprometi\u00e9ndose a hacer uso diligente de los mismos, y no ponerlos a disposici\u00f3n de terceros, as\u00ed como a comunicar al prestador la p\u00e9rdida o robo de los mismos o del posible acceso por un tercero no autorizado, de tal forma que \u00e9ste proceda al bloqueo inmediato.<\/p>\n\n\n\n<p>El usuario no podr\u00e1 elegir como nombre de usuario palabras que tengan como fin, el confundir a otros por identificar a \u00e9ste como miembro integrante del prestador, as\u00ed como expresiones malsonantes, injuriosas y en general, contrarias a la ley o a las exigencias de la moral y buenas costumbres.<\/p>\n\n\n\n<p>Una vez ha sido creada la cuenta de usuario, se informa que de conformidad con lo exigido por el art. 27 de la Ley 34\/2002 de Servicios de la Sociedad de la Informaci\u00f3n y del Comercio Electr\u00f3nico, el procedimiento de contrataci\u00f3n seguir\u00e1 los siguientes pasos:<\/p>\n\n\n\n<ul class=\"wp-block-list\">\n<li>Elija el producto que le interese<\/li>\n\n\n\n<li>Seleccione dicho producto y a\u00f1ada el art\u00edculo a la cesta de la compra<\/li>\n\n\n\n<li>Puede seguir comprando nuevos productos o pulsar el bot\u00f3n de tramitar la compra<\/li>\n\n\n\n<li>A continuaci\u00f3n, opcionalmente, debe completar los datos de direcci\u00f3n de env\u00edo, de facturaci\u00f3n, tipo de env\u00edo y forma de pago<\/li>\n\n\n\n<li>Confirme su pedido<\/li>\n<\/ul>\n\n\n\n<p>En todo caso la plataforma de contrataci\u00f3n del prestador informar\u00e1 al usuario, una vez finalizado el procedimiento de contrataci\u00f3n, v\u00eda correo electr\u00f3nico respecto a todas las caracter\u00edsticas, precio, formas de transporte, fecha de contrataci\u00f3n y estimaci\u00f3n de entrega del producto o servicio contratado.<\/p>\n\n\n\n<h4 class=\"wp-block-heading\">ENTREGA DE PEDIDOS<\/h4>\n\n\n\n<p>La entrega de los pedidos se realizar\u00e1 en el domicilio de entrega designado libremente por el usuario. De tal forma, el prestador no asume responsabilidad alguna por cuando la entrega del producto o servicio no llegue a realizarse como consecuencia de que los datos facilitados por el usuario sean falsos, inexactos o incompletos o cuando la entrega no pueda efectuarse por causas ajenas a la empresa de env\u00edos, asignada para tal efecto, como lo es la ausencia del destinatario.<\/p>\n\n\n\n<p>Sin perjuicio de lo anterior el prestador deber\u00e1 adoptar las medidas exigidas a un comerciante diligente para que la entrega pueda efectuarse en el tiempo acordado, y de no ser as\u00ed, lo antes posible, a satisfacci\u00f3n del remitente como del destinatario, por lo que no podr\u00e1 imputarse responsabilidad alguna en contra del prestador.<\/p>\n\n\n\n<p>En caso de que la contrataci\u00f3n no conlleve la entrega f\u00edsica de ning\u00fan tipo de producto y que sean directamente descargadas del sitio web, el prestador informar\u00e1 previamente al usuario respecto al procedimiento que debe seguir para realizar dicha descarga.<\/p>\n\n\n\n<p>El prestador se compromete a que dichas aplicaciones est\u00e9n libres de virus o cualquier otro contenido maligno que pueda afectar el buen funcionamiento del equipo en el que se instale. Asimismo, el prestador no se hace responsable de los usos distintos a los que puedan aplicarse dichas aplicaciones o a la falta de los requisitos m\u00ednimos de sistema que se establezcan.<\/p>\n\n\n\n<h4 class=\"wp-block-heading\">PRECIO Y PLAZO DE VALIDEZ DE LA OFERTA<\/h4>\n\n\n\n<p>Los precios que se indican respecto a cada producto incluyen el Impuesto sobre el Valor A\u00f1adido (IVA) u otros impuestos que pudieran ser aplicables y en todo caso se expresar\u00e1n en la moneda Euro (\u20ac). Dichos gastos, salvo que se indique expresamente lo contrario, no incluyen los gastos de env\u00edo, manipulaci\u00f3n, envoltorio, seguro de env\u00edos o cualesquiera otros servicios adicionales y anexos al producto o servicio adquirido.<\/p>\n\n\n\n<p>Los precios aplicables a cada producto ser\u00e1n los publicados en el sitio web y aplicados de forma autom\u00e1tica por el proceso de contrataci\u00f3n en la \u00faltima fase del mismo. El cliente asume que en todo caso la valoraci\u00f3n econ\u00f3mica de algunos de los productos podr\u00e1 variar en tiempo real. En todo caso esto ser\u00e1 siempre comunicado previamente a los usuarios.<\/p>\n\n\n\n<p>Para cualquier informaci\u00f3n sobre el pedido, el usuario contar\u00e1 con el tel\u00e9fono de atenci\u00f3n al cliente o el correo electr\u00f3nico del prestador indicados anteriormente. En todo caso deber\u00e1 indicarse en el asunto del mensaje o a la telefonista el n\u00famero de pedido que le fue asignado e indicado en el correo electr\u00f3nico de confirmaci\u00f3n de la compra.<\/p>\n\n\n\n<h4 class=\"wp-block-heading\">DERECHO DE DESISTIMIENTO<\/h4>\n\n\n\n<p>El usuario dispondr\u00e1 de un plazo de 14 d\u00edas h\u00e1biles contados a partir de la fecha de recepci\u00f3n del producto para la devoluci\u00f3n del mismo. Salvo que la devoluci\u00f3n sea realizada por defectos en el producto, los gastos relativos al env\u00edo ser\u00e1n asumidos por parte del usuario. En todo caso el producto deber\u00e1 ser devuelto en su embalaje original y en perfecto estado.<\/p>\n\n\n\n<p>El derecho de desistimiento no podr\u00e1 aplicarse a las aplicaciones software que sean directamente descargadas a trav\u00e9s del portal o que sean productos personalizados o que por razones de higiene u otras excepciones legalmente contempladas no sean susceptibles de este derecho.<\/p>\n\n\n\n<p>Informaci\u00f3n sobre el ejercicio del derecho de desistimiento<\/p>\n\n\n\n<p>Derecho de desistimiento<\/p>\n\n\n\n<p>Tiene usted derecho a desistir del presente contrato en un plazo de 14 d\u00edas naturales sin necesidad de justificaci\u00f3n.<\/p>\n\n\n\n<p>El plazo de desistimiento expirar\u00e1 a los 14 d\u00edas naturales del d\u00eda de recepci\u00f3n del producto.<\/p>\n\n\n\n<p>Para ejercer el derecho de desistimiento, deber\u00e1 usted notificarnos su decisi\u00f3n de desistir del contrato a trav\u00e9s de una declaraci\u00f3n inequ\u00edvoca (por ejemplo, una carta enviada por correo postal, fax o correo electr\u00f3nico del prestador indicados anteriormente). Podr\u00e1 utilizar el modelo de formulario de desistimiento que figura a continuaci\u00f3n, aunque su uso no es obligatorio.<\/p>\n\n\n\n<p>Para cumplir el plazo de desistimiento, basta con que la comunicaci\u00f3n relativa al ejercicio por su parte de este derecho sea enviada antes de que venza el plazo correspondiente de 14 d\u00edas naturales.<\/p>\n\n\n\n<p>Consecuencias del desistimiento:<\/p>\n\n\n\n<p>En caso de desistimiento por su parte, le devolveremos todos los pagos recibidos de usted, incluidos los gastos de entrega (con la excepci\u00f3n de los gastos adicionales resultantes de la elecci\u00f3n por su parte de una modalidad de entrega diferente a la modalidad menos costosa de entrega ordinaria que ofrezcamos) sin ninguna demora indebida y, en todo caso, a m\u00e1s tardar 14 d\u00edas naturales a partir de la fecha en la que se nos informe de su decisi\u00f3n de desistir del presente contrato. Procederemos a efectuar dicho reembolso utilizando el mismo medio de pago empleado por usted para la transacci\u00f3n inicial, a no ser que haya usted dispuesto expresamente lo contrario; en todo caso, no incurrir\u00e1 en ning\u00fan gasto como consecuencia del reembolso. Podremos retener el reembolso hasta haber recibido los bienes objeto del desistimiento.<\/p>\n\n\n\n<p>Modelo de formulario de desistimiento<\/p>\n\n\n\n<p>(s\u00f3lo debe cumplimentar y enviar el presente formulario si desea desistir del contrato)<\/p>\n\n\n\n<ul class=\"wp-block-list\">\n<li>A la atenci\u00f3n de (aqu\u00ed se deber\u00e1 insertar el nombre del empresario, su direcci\u00f3n completa y, si dispone de ellos, su n\u00famero de fax y su direcci\u00f3n de correo electr\u00f3nico):<\/li>\n\n\n\n<li>Por la presente le comunico\/comunicamos (*) que desisto de mi\/desistimos de nuestro (*) contrato de venta del siguiente bien\/prestaci\u00f3n del siguiente servicio (*)<\/li>\n\n\n\n<li>Pedido el\/recibido el (*) Nombre del consumidor y usuario o de los consumidores y usuarios<\/li>\n\n\n\n<li>Domicilio del consumidor y usuario o de los consumidores y usuarios<\/li>\n\n\n\n<li>Firma del consumidor y usuario o de los consumidores y usuarios (solo si el presente formulario se presenta en papel)<\/li>\n\n\n\n<li>Fecha<\/li>\n<\/ul>\n\n\n\n<p>(*) T\u00e1chese lo que no proceda.<\/p>\n\n\n\n<h4 class=\"wp-block-heading\">GARANT\u00cdAS APLICABLES<\/h4>\n\n\n\n<p>Todos los productos ofertados a trav\u00e9s del sitio web son completamente originales, salvo que se indique lo contrario en su descripci\u00f3n.<\/p>\n\n\n\n<p>El prestador garantiza la calidad de los productos que ampara, en los t\u00e9rminos y plazos legalmente establecidos, a partir de la fecha de entrega.<\/p>\n\n\n\n<p>No se incluyen las deficiencias ocasionadas por negligencias, golpes, uso o manipulaciones indebidas, instalaci\u00f3n incorrecta, ni materiales sometidos a desgaste por su uso normal.<\/p>\n\n\n\n<p>En aquellas incidencias que justifiquen el uso de la garant\u00eda, se optar\u00e1 por la reparaci\u00f3n, sustituci\u00f3n del art\u00edculo, rebaja o devoluci\u00f3n, en los t\u00e9rminos legalmente establecidos.<\/p>\n\n\n\n<p>Para hacer uso de la garant\u00eda dentro del plazo legal establecido, es imprescindible la presentaci\u00f3n del justificante de compra.<\/p>\n\n\n\n<p>Para hacer efectiva la garant\u00eda contacte con nosotros en el tel\u00e9fono o correo electr\u00f3nico del prestador indicados anteriormente.<\/p>\n\n\n\n<h4 class=\"wp-block-heading\">LEY APLICABLE Y JURISDICCI\u00d3N<\/h4>\n\n\n\n<p>Estas condiciones se regir\u00e1n o interpretar\u00e1n conforme a la legislaci\u00f3n espa\u00f1ola en aquello que no est\u00e9 expresamente establecido. El prestador y el usuario, acuerdan someter cualquier controversia que pudiera suscitarse de la prestaci\u00f3n de los productos o servicios objeto de estas Condiciones, a los Juzgados y Tribunales del domicilio del prestador.<\/p>\n\n\n\n<p>En el caso de que el usuario tenga su domicilio fuera de Espa\u00f1a, el prestador y el usuario, renuncian expresamente a cualquier otro foro, someti\u00e9ndose a los Juzgados y Tribunales del domicilio del prestador.<\/p>\n\n\n\n<p><strong>CONTRATACI\u00d3N DE VISITAS Y EXCURSIONES<\/strong><\/p>\n\n\n\n<ol class=\"wp-block-list\">\n<li>La reserva no se considerar\u00e1 en firme hasta que no reciba un mensaje oficial de confirmaci\u00f3n.<\/li>\n\n\n\n<li>Debe retirar su ticket en Tienda La Gitana (Avda Calzada Duquesa Isabel, esquina Calle Hermano Ferm\u00edn, frente a Parking La Calzada), 20 minutos antes del comienzo de la visita. Agradecemos puntualidad por favor. Para cualquier problema contacte con nosotros en el 669 663 008.<\/li>\n\n\n\n<li>Pol\u00edtica de cancelaci\u00f3n. Si tuviera que anular o modificar su reserva en fecha o n\u00famero de personas, contacte con nosotros lo antes posible por favor. Precisaremos los datos de una tarjeta bancaria (como garant\u00eda de la reserva) para confirmarla en firme. Los gastos de cancelaci\u00f3n por anulaci\u00f3n dentro de las 24 horas antes de la visita o no asistencia son del 100% del total de la reserva.<\/li>\n\n\n\n<li>Parking: Justo frente a Tienda La Gitana, en Calzada Duquesa Isabel, se localiza Parking La Calzada (parking subterr\u00e1neo de pago).<\/li>\n\n\n\n<li>Complete su Experiencia La Gitana en Restaurante EntreBotas (<a href=\"http:\/\/www.entrebotasrestaurante.es\/\">www.entrebotasrestaurante.es<\/a>) ubicado en uno de nuestros patios.<\/li>\n<\/ol>\n","protected":false},"excerpt":{"rendered":"<p>Condiciones Generales A continuaci\u00f3n, se expone el documento contractual que regir\u00e1 la contrataci\u00f3n de productos y servicios a trav\u00e9s del sitio web&nbsp;bodegashidalgolagitana.com&nbsp;, propiedad de Vi\u00f1as y vinos SLU (en adelante el prestador). La aceptaci\u00f3n del presente documento conlleva que el usuario: a. Ha le\u00eddo, entiende y comprende lo aqu\u00ed expuesto. b. Que es una persona&hellip;<\/p>\n","protected":false},"author":1,"featured_media":0,"parent":0,"menu_order":0,"comment_status":"closed","ping_status":"closed","template":"","meta":{"footnotes":""},"class_list":["post-7310","page","type-page","status-publish","hentry","description-off"],"_links":{"self":[{"href":"https:\/\/bodegashidalgolagitana.com\/visitas\/wp-json\/wp\/v2\/pages\/7310","targetHints":{"allow":["GET"]}}],"collection":[{"href":"https:\/\/bodegashidalgolagitana.com\/visitas\/wp-json\/wp\/v2\/pages"}],"about":[{"href":"https:\/\/bodegashidalgolagitana.com\/visitas\/wp-json\/wp\/v2\/types\/page"}],"author":[{"embeddable":true,"href":"https:\/\/bodegashidalgolagitana.com\/visitas\/wp-json\/wp\/v2\/users\/1"}],"replies":[{"embeddable":true,"href":"https:\/\/bodegashidalgolagitana.com\/visitas\/wp-json\/wp\/v2\/comments?post=7310"}],"version-history":[{"count":1,"href":"https:\/\/bodegashidalgolagitana.com\/visitas\/wp-json\/wp\/v2\/pages\/7310\/revisions"}],"predecessor-version":[{"id":7311,"href":"https:\/\/bodegashidalgolagitana.com\/visitas\/wp-json\/wp\/v2\/pages\/7310\/revisions\/7311"}],"wp:attachment":[{"href":"https:\/\/bodegashidalgolagitana.com\/visitas\/wp-json\/wp\/v2\/media?parent=7310"}],"curies":[{"name":"wp","href":"https:\/\/api.w.org\/{rel}","templated":true}]}}