{"id":7312,"date":"2024-09-24T12:33:10","date_gmt":"2024-09-24T10:33:10","guid":{"rendered":"https:\/\/bodegashidalgolagitana.com\/visitas\/?page_id=7312"},"modified":"2024-09-24T12:33:14","modified_gmt":"2024-09-24T10:33:14","slug":"politica-de-cookies","status":"publish","type":"page","link":"https:\/\/bodegashidalgolagitana.com\/visitas\/politica-de-cookies\/","title":{"rendered":"Politica de cookies"},"content":{"rendered":"\n<p>La web de VI\u00d1AS Y VINOS, SL. utiliza cookies propias y de terceros. Una cookie es un fichero que se descarga en su ordenador al acceder a determinadas p\u00e1ginas web, entre otras finalidades, asegurar el correcto funcionamiento de la p\u00e1gina, permitir al Usuario un acceso m\u00e1s r\u00e1pido a los servicios seleccionados, almacenar y recuperar informaci\u00f3n sobre los h\u00e1bitos de navegaci\u00f3n de un usuario o de su equipo e incluso, dependiendo de la informaci\u00f3n que contengan y de la forma en que utilice su equipo, se pueden utilizar para reconocer al usuario. Las cookies se asocian \u00fanicamente a un usuario an\u00f3nimo y su ordenador o dispositivo y no proporcionan referencias que permitan conocer sus datos personales., salvo permiso expreso de aqu\u00e9l.<\/p>\n\n\n\n<p>El usuario puede, en todo momento, aceptar o rechazar las cookies instaladas que no sean estrictamente necesarias para el correcto funcionamiento de la web y el acceso al Usuario a sus servicios, a trav\u00e9s del panel de ajuste de cookies proporcionado en nuestra web. Asimismo podr\u00e1 configurar su navegador en todo momento sin que ello perjudique la posibilidad del Usuario de acceder a los contenidos. Sin embargo le informamos de que el rechazo de las cookies puede disminuir el buen funcionamiento de la web.<\/p>\n\n\n\n<p><strong>COOKIES AFECTADAS POR LA NORMATIVA Y COOKIES EXENTAS<\/strong><\/p>\n\n\n\n<p>Seg\u00fan la directiva de la UE, las cookies que requieren el consentimiento informado por parte del usuario son las cookies de anal\u00edtica, las de publicidad y afiliaci\u00f3n, quedando exceptuadas las de car\u00e1cter t\u00e9cnico y las necesarias para el funcionamiento del sitio web o la prestaci\u00f3n de servicios expresamente demandados por el usuario.<\/p>\n\n\n\n<p><strong>TIPOS DE COOKIES<\/strong><\/p>\n\n\n\n<p>a) Seg\u00fan la entidad que las gestione, hay Cookies propias (aquellas que se env\u00edan al equipo terminal del usuario desde un equipo o dominio gestionado por el propio editor y desde el que se presta el servicio Solicitado por el usuario) y de terceros ((las que se env\u00edan al equipo terminal del usuario desde un equipo o dominio que no es gestionado por el editor, sino por otra entidad que trata los datos obtenidos mediante las galletas).<\/p>\n\n\n\n<p>b) Seg\u00fan el tiempo que permanecen activas, existen las de sesi\u00f3n (dise\u00f1adas para recabar y almacenar datos mientras el usuario accede a una p\u00e1gina web) y las persistentes (en las que los datos se almacenan en el terminal y pueden ser accedidos y tratados durante un periodo definido por el responsable de la cookie -puede ir de unos minutos a varios a\u00f1os-).<\/p>\n\n\n\n<p>c) Seg\u00fan la finalidad para la que traten la informaci\u00f3n que recopilan, pueden ser:<\/p>\n\n\n\n<ul class=\"wp-block-list\">\n<li>Cookies t\u00e9cnicas (necesarias para el uso de la web y la prestaci\u00f3n del servicio contratado),<\/li>\n\n\n\n<li>Cookies de personalizaci\u00f3n (que permiten al usuario acceder al servicio con caracter\u00edsticas predefinidas, como por ejemplo el idioma, tipo de navegador, configuraci\u00f3n regional, etc.)<\/li>\n\n\n\n<li>Cookies de an\u00e1lisis (recogen informaci\u00f3n el uso que se realiza de la web),<\/li>\n\n\n\n<li>Cookies publicitarias (recogen informaci\u00f3n sobre las preferencias y elecciones personales de los usuarios),<\/li>\n\n\n\n<li>Cookies de afiliados (permiten realizar un seguimiento de las visitas procedentes de otras webs, con las que el sitio web establece un contrato de afiliaci\u00f3n).<\/li>\n<\/ul>\n\n\n\n<p>Su consentimiento se aplica a los siguientes dominios: bodegashidalgolagitana.com<\/p>\n\n\n\n<p>Su estado actual: Solo usar cookies necesarias.<\/p>\n\n\n\n<p>Cambiar su consentimiento<\/p>\n\n\n\n<p><strong>Necesario (6)<\/strong><\/p>\n\n\n\n<p>Las cookies necesarias ayudan a hacer una p\u00e1gina web utilizable activando funciones b\u00e1sicas como la navegaci\u00f3n en la p\u00e1gina y el acceso a \u00e1reas seguras de la p\u00e1gina web. La p\u00e1gina web no puede funcionar adecuadamente sin estas<br>cookies.<\/p>\n\n\n\n<figure class=\"wp-block-table\"><table class=\"has-fixed-layout\"><tbody><tr><td>Nombre<\/td><td>Proveedor<\/td><td>Prop\u00f3sito<\/td><td>Caducidad<\/td><td>Tipo<\/td><\/tr><tr><td>rc::a<\/td><td><a href=\"https:\/\/policies.google.com\/privacy\">Google<\/a><\/td><td>Esta cookie se utiliza para distinguir entre humanos y bots. Esto es beneficioso para la web con el objeto de elaborar informes v\u00e1lidos sobre el uso de su web.<\/td><td>Persistente<\/td><td>HTML<\/td><\/tr><tr><td>rc::b<\/td><td><a href=\"https:\/\/policies.google.com\/privacy\">Google<\/a><\/td><td>Esta cookie se utiliza para distinguir entre humanos y bots.<\/td><td>Sesi\u00f3n<\/td><td>HTML<\/td><\/tr><tr><td>rc::c<\/td><td><a href=\"https:\/\/policies.google.com\/privacy\">Google<\/a><\/td><td>Esta cookie se utiliza para distinguir entre humanos y bots.<\/td><td>Sesi\u00f3n<\/td><td>HTML<\/td><\/tr><tr><td>JSESSIONID<\/td><td><a href=\"https:\/\/newrelic.com\/termsandconditions\/privacy\">New Relic<\/a><\/td><td>Conserva los estados de los usuarios en todas las peticiones de la p\u00e1gina.<\/td><td>Sesi\u00f3n<\/td><td>HTTP<\/td><\/tr><tr><td>CookieConsent<\/td><td><a href=\"https:\/\/www.cookiebot.com\/en\/privacy-policy\/\">Cookiebot<\/a><\/td><td>Almacena el estado de consentimiento de cookies del usuario para el dominio actual<\/td><td>1 a\u00f1o<\/td><td>HTTP<\/td><\/tr><tr><td>PHPSESSID<\/td><td>lagitana.es<\/td><td>Conserva los estados de los usuarios en todas las peticiones de la p\u00e1gina.<\/td><td>Sesi\u00f3n<\/td><td>HTTP<\/td><\/tr><\/tbody><\/table><\/figure>\n\n\n\n<p><strong>Preferencias (0)<\/strong><\/p>\n\n\n\n<p>Las cookies de preferencias permiten a la p\u00e1gina web recordar informaci\u00f3n que cambia la forma en que la p\u00e1gina se comporta o el aspecto que tiene, como su idioma preferido o la regi\u00f3n en la que usted se encuentra.<strong>Estad\u00edstica (3)<\/strong><\/p>\n\n\n\n<p>Las cookies estad\u00edsticas ayudan a los propietarios de p\u00e1ginas web a comprender c\u00f3mo interact\u00faan los visitantes con las p\u00e1ginas web reuniendo y proporcionando informaci\u00f3n de forma an\u00f3nima.<\/p>\n\n\n\n<figure class=\"wp-block-table\"><table class=\"has-fixed-layout\"><tbody><tr><td>Nombre<\/td><td>Proveedor<\/td><td>Prop\u00f3sito<\/td><td>Caducidad<\/td><td>Tipo<\/td><\/tr><tr><td>_ga<\/td><td><a href=\"https:\/\/policies.google.com\/privacy\">Google<\/a><\/td><td>Registra una identificaci\u00f3n \u00fanica que se utiliza para generar datos estad\u00edsticos acerca de c\u00f3mo utiliza el visitante el sitio web.<\/td><td>2 a\u00f1os<\/td><td>HTTP<\/td><\/tr><tr><td>_gat<\/td><td><a href=\"https:\/\/policies.google.com\/privacy\">Google<\/a><\/td><td>Utilizado por Google Analytics para controlar la tasa de peticiones<\/td><td>1 d\u00eda<\/td><td>HTTP<\/td><\/tr><tr><td>_gid<\/td><td><a href=\"https:\/\/policies.google.com\/privacy\">Google<\/a><\/td><td>Registra una identificaci\u00f3n \u00fanica que se utiliza para generar datos estad\u00edsticos acerca de c\u00f3mo utiliza el visitante el sitio web.<\/td><td>1 d\u00eda<\/td><td>HTTP<\/td><\/tr><\/tbody><\/table><\/figure>\n\n\n\n<p><strong>Marketing (18)<\/strong><\/p>\n\n\n\n<p>Las cookies de marketing se utilizan para rastrear a los visitantes en las p\u00e1ginas web. La intenci\u00f3n es mostrar anuncios relevantes y atractivos para el usuario individual, y por lo tanto, m\u00e1s valiosos para los editores y terceros anunciantes.<\/p>\n\n\n\n<figure class=\"wp-block-table\"><table class=\"has-fixed-layout\"><tbody><tr><td>Nombre<\/td><td>Proveedor<\/td><td>Prop\u00f3sito<\/td><td>Caducidad<\/td><td>Tipo<\/td><\/tr><tr><td>IDE<\/td><td><a href=\"https:\/\/policies.google.com\/privacy\">Google<\/a><\/td><td>Utilizada por Google DoubleClick para registrar e informar sobre las acciones del usuario en el sitio web tras visualizar o hacer clic en uno de los anuncios del anunciante con el prop\u00f3sito de medir la eficacia de un anuncio y presentar anuncios espec\u00edficos para el usuario.<\/td><td>1 a\u00f1o<\/td><td>HTTP<\/td><\/tr><tr><td>test_cookie<\/td><td><a href=\"https:\/\/policies.google.com\/privacy\">Google<\/a><\/td><td>Utilizada para comprobar si el navegador del usuario admite cookies.<\/td><td>1 d\u00eda<\/td><td>HTTP<\/td><\/tr><tr><td>embed\/v3\/counters.gif<\/td><td><a href=\"https:\/\/legal.hubspot.com\/privacy-policy\">Hubspot<\/a><\/td><td>Recoge informaci\u00f3n de las preferencias y\/o interacci\u00f3n del usuario con contenido de campa\u00f1as web \u2013 Esto se usa en la plataforma de campa\u00f1a CRM, utilizada para propietarios de webs para promover eventos o productos.<\/td><td>Sesi\u00f3n<\/td><td>Pixel<\/td><\/tr><tr><td>NID<\/td><td><a href=\"https:\/\/policies.google.com\/privacy\">Google<\/a><\/td><td>Registra una identificaci\u00f3n \u00fanica que identifica el dispositivo de un usuario que vuelve. La identificaci\u00f3n se utiliza para los anuncios espec\u00edficos.<\/td><td>6 meses<\/td><td>HTML<\/td><\/tr><tr><td>hssc<\/td><td>lagitana.es<\/td><td>Recopila datos estad\u00edsticos relacionados con las visitas del usuario al sitio web, como el n\u00famero de visitas, el tiempo medio pasado en el sitio web y qu\u00e9 p\u00e1ginas se han cargado. El prop\u00f3sito es segmentar los usuarios del sitio web seg\u00fan factores como factores demogr\u00e1ficos y ubicaci\u00f3n geogr\u00e1fica para permitir a las agencias multimedia y de marketing estructurar y comprender sus grupos objetos para habilitar la publicidad online personalizada.<\/td><td>1 d\u00eda<\/td><td>HTTP<\/td><\/tr><tr><td>hssrc<\/td><td>lagitana.es<\/td><td>Recopila datos estad\u00edsticos relacionados con las visitas del usuario al sitio web, como el n\u00famero de visitas, el tiempo medio pasado en el sitio web y qu\u00e9 p\u00e1ginas se han cargado. El prop\u00f3sito es segmentar los usuarios del sitio web seg\u00fan factores como factores demogr\u00e1ficos y ubicaci\u00f3n geogr\u00e1fica para permitir a las agencias multimedia y de marketing estructurar y comprender sus grupos objetos para habilitar la publicidad online personalizada.<\/td><td>Sesi\u00f3n<\/td><td>HTTP<\/td><\/tr><\/tbody><\/table><\/figure>\n\n\n\n<figure class=\"wp-block-table\"><table class=\"has-fixed-layout\"><tbody><tr><td>Nombre<\/td><td>Proveedor<\/td><td>Prop\u00f3sito<\/td><td>Caducidad<\/td><td>Tipo<\/td><\/tr><tr><td>hstc<\/td><td>lagitana.es<\/td><td>Recopila datos estad\u00edsticos relacionados con las visitas del usuario al sitio web, como el n\u00famero de visitas, el tiempo medio pasado en el sitio web y qu\u00e9 p\u00e1ginas se han cargado. El prop\u00f3sito es segmentar los usuarios del sitio web seg\u00fan factores como factores demogr\u00e1ficos y ubicaci\u00f3n geogr\u00e1fica para permitir a las agencias multimedia y de marketing estructurar y comprender sus grupos objetos para habilitar la publicidad online personalizada.<\/td><td>1 a\u00f1o<\/td><td>HTTP<\/td><\/tr><tr><td>hubspotutk<\/td><td>lagitana.es<\/td><td>Establece un identificador para la sesi\u00f3n. Esto permite a la web obtener datos del comportamiento del visitante con prop\u00f3sitos estad\u00edsticos.<\/td><td>1 a\u00f1o<\/td><td>HTTP<\/td><\/tr><tr><td>VISITOR_INFO1_LIVE<\/td><td><a href=\"https:\/\/policies.google.com\/privacy\">YouTube<\/a><\/td><td>Intenta calcular el ancho de banda del usuario en p\u00e1ginas con v\u00eddeos de YouTube integrados.<\/td><td>179 d\u00edas<\/td><td>HTTP<\/td><\/tr><tr><td>YSC<\/td><td><a href=\"https:\/\/policies.google.com\/privacy\">YouTube<\/a><\/td><td>Registra una identificaci\u00f3n \u00fanica para mantener estad\u00edsticas de qu\u00e9 v\u00eddeos de YouTube ha visto el usuario.<\/td><td>Sesi\u00f3n<\/td><td>HTTP<\/td><\/tr><tr><td>yt-remote-cast- installed<\/td><td><a href=\"https:\/\/policies.google.com\/privacy\">YouTube<\/a><\/td><td>Registra las preferencias del reproductor de v\u00eddeo del usuario al ver v\u00eddeos incrustados de YouTube<\/td><td>Sesi\u00f3n<\/td><td>HTML<\/td><\/tr><tr><td>yt-remote-connected- devices<\/td><td><a href=\"https:\/\/policies.google.com\/privacy\">YouTube<\/a><\/td><td>Registra las preferencias del reproductor de v\u00eddeo del usuario al ver v\u00eddeos incrustados de YouTube<\/td><td>Persistent<\/td><td>HTML<\/td><\/tr><tr><td>yt-remote-device-id<\/td><td><a href=\"https:\/\/policies.google.com\/privacy\">YouTube<\/a><\/td><td>Registra las preferencias del reproductor de v\u00eddeo del usuario al ver v\u00eddeos incrustados de YouTube<\/td><td>Persistent<\/td><td>HTML<\/td><\/tr><tr><td>yt-remote-fast-check- period<\/td><td><a href=\"https:\/\/policies.google.com\/privacy\">YouTube<\/a><\/td><td>Registra las preferencias del reproductor de v\u00eddeo del usuario al ver v\u00eddeos incrustados de YouTube<\/td><td>Sesi\u00f3n<\/td><td>HTML<\/td><\/tr><tr><td>yt-remote-session-app<\/td><td><a href=\"https:\/\/policies.google.com\/privacy\">YouTube<\/a><\/td><td>Registra las preferencias del reproductor de v\u00eddeo del usuario al ver v\u00eddeos incrustados de YouTube<\/td><td>Sesi\u00f3n<\/td><td>HTML<\/td><\/tr><tr><td>yt-remote-session- name<\/td><td><a href=\"https:\/\/policies.google.com\/privacy\">YouTube<\/a><\/td><td>Registra las preferencias del reproductor de v\u00eddeo del usuario al ver v\u00eddeos incrustados de YouTube<\/td><td>Sesi\u00f3n<\/td><td>HTML<\/td><\/tr><tr><td>ptq.gif<\/td><td><a href=\"https:\/\/legal.hubspot.com\/privacy-policy?_ga=2.250808134.1581177119.1522931914-1869930087.1510729546\">Hubspot<\/a><\/td><td>Env\u00eda datos a la plataforma de marketing Hubspot sobre el dispositivo y el comportamiento del visitante. Rastrea al visitante a trav\u00e9s de dispositivos y canales de marketing.<\/td><td>Sesi\u00f3n<\/td><td>Pixel<\/td><\/tr><\/tbody><\/table><\/figure>\n\n\n\n<figure class=\"wp-block-table\"><table class=\"has-fixed-layout\"><tbody><tr><td>Nombre<\/td><td>Proveedor<\/td><td>Prop\u00f3sito<\/td><td>Caducidad<\/td><td>Tipo<\/td><\/tr><tr><td>pto.gif<\/td><td><a href=\"https:\/\/legal.hubspot.com\/privacy-policy?_ga=2.250808134.1581177119.1522931914-1869930087.1510729546\">Hubspot<\/a><\/td><td>Pendiente<\/td><td>Sesi\u00f3n<\/td><td>Pixel<\/td><\/tr><\/tbody><\/table><\/figure>\n\n\n\n<p><br><strong>No clasificados (4)<\/strong><\/p>\n\n\n\n<p>Las cookies no clasificadas son cookies para las que todav\u00eda estamos en proceso de clasificar, junto con los proveedores de cookies individuales.<strong>Nombre Proveedor Prop\u00f3sito<\/strong><\/p>\n\n\n\n<p><br>DCZdRiynx_ lagitana.es Pendiente<br><br>twk_57fcaf594159ba387cc034a1 lagitana.es Pendiente<br><br>xEoLPTK lagitana.es Pendiente<br><br><br>_mcid&nbsp;<a href=\"https:\/\/mailchimp.com\/legal\/privacy\/\">Mailchimp<\/a>&nbsp;Pendiente<strong>REVOCACI\u00d3N<\/strong><\/p>\n\n\n\n<p>En todo momento podr\u00e1 acceder a la configuraci\u00f3n de su navegador aceptando o rechazando todas las cookies, o bien seleccionar aqu\u00e9llas cuya instalaci\u00f3n admite y cu\u00e1les no, siguiendo uno de los siguientes procedimientos, que depende del navegador que utilice:<\/p>\n\n\n\n<p>Google Chrome (en el Men\u00fa Herramientas):<br>Configuraci\u00f3n &gt; Mostrar opciones avanzadas &gt; Privacidad (Configuraci\u00f3n de contenido) &gt; Cookies:<\/p>\n\n\n\n<p>https:\/\/support.google.com\/chrome\/answer\/95647?co=GENIE.Platform=Desktopandhl=es Microsoft Internet Explorer (en el Men\u00fa Herramientas):<\/p>\n\n\n\n<p>Opciones de Internet &gt; Privacidad &gt; Avanzada: https:\/\/support.microsoft.com\/es-es\/help\/17442\/windows-internet- explorer-delete-manage-cookies<\/p>\n\n\n\n<p>Firefox:<\/p>\n\n\n\n<p>Opciones &gt; Privacidad &gt; Cookies: https:\/\/support.mozilla.org\/es\/kb\/habilitar-y-deshabilitar-cookies-sitios-web- rastrear-preferencias<\/p>\n\n\n\n<p>Safari, iPad y iPhone:<\/p>\n\n\n\n<p>Preferencias &gt; Privacidad: https:\/\/support.apple.com\/kb\/ph21411?locale=es_ES<\/p>\n\n\n\n<p>Opera:<\/p>\n\n\n\n<p>Configuraci\u00f3n &gt; Opciones &gt; Avanzado &gt; Cookies: http:\/\/help.opera.com\/Windows\/12.00\/es-ES\/cookies.html<\/p>\n\n\n\n<p>Estos navegadores est\u00e1n sometidos a actualizaciones o modificaciones, por lo que no podemos garantizar que se ajusten completamente a la versi\u00f3n de su navegador. Tambi\u00e9n puede ser que utilice otro navegador no contemplado en estos enlaces como Konqueror, Arora, Flock, etc. Para evitar estos desajustes, puede acceder<\/p>\n\n\n\n<p>directamente desde las opciones de su navegador, generalmente en el men\u00fa de \u00abOpciones\u00bb en la secci\u00f3n de \u00abPrivacidad\u00bb. (Por favor, consulte la ayuda de su navegador para m\u00e1s informaci\u00f3n).<\/p>\n\n\n\n<p><strong>DESACTIVACI\u00d3N\/ACTIVACI\u00d3N Y ELIMINACI\u00d3N DE COOKIES<\/strong><\/p>\n\n\n\n<p>Para restringir o bloquear las cookies, se hace a trav\u00e9s de la configuraci\u00f3n del navegador.<\/p>\n\n\n\n<p>Si no desea que los sitios web pongan ninguna cookie en su equipo, puede adaptar la configuraci\u00f3n del navegador de modo que se le notifique antes de que se coloque ninguna cookie. De igual modo, puede adaptar la configuraci\u00f3n de forma que el navegador rechace todas las cookies, o \u00fanicamente las cookies de terceros. Tambi\u00e9n puede eliminar cualquiera de las cookies que ya se encuentren en el equipo. Tenga en cuenta que tendr\u00e1 que adaptar por separado la configuraci\u00f3n de cada navegador y equipo que utilice.<\/p>\n\n\n\n<p>Tenga en cuenta que si no desea recibir cookies, ya no podremos garantizar que nuestro sitio web funcione debidamente. Puede que algunas funciones del sitio se pierdan y es posible que ya no pueda ver ciertos sitios web. Adem\u00e1s, rechazar las cookies no significa que ya no vaya a ver anuncios publicitarios. Simplemente los anuncios no se ajustar\u00e1n a sus intereses y se repetir\u00e1n con m\u00e1s frecuencia.<\/p>\n\n\n\n<p>Cada navegador posee un m\u00e9todo distinto para adaptar la configuraci\u00f3n. Si fuera necesario, consulte la funci\u00f3n de ayuda del navegador para establecer la configuraci\u00f3n correcta.<\/p>\n\n\n\n<p>Para desactivar las cookies en el tel\u00e9fono m\u00f3vil, consulte el manual del dispositivo para obtener m\u00e1s informaci\u00f3n. Puede obtener m\u00e1s informaci\u00f3n sobre las cookies en Internet, http:\/\/www.aboutcookies.org\/.<\/p>\n\n\n\n<p>Teniendo en cuenta la forma en la que funciona Internet y los sitios web, no siempre contamos con informaci\u00f3n de las cookies que colocan terceras partes a trav\u00e9s de nuestro sitio web. Esto se aplica especialmente a casos en los que nuestra p\u00e1gina web contiene lo que se denominan elementos integrados: textos, documentos, im\u00e1genes o breves pel\u00edculas que se almacenan en otra parte, pero se muestran en nuestro sitio web o a trav\u00e9s del mismo.<\/p>\n\n\n\n<p>Por consiguiente, en caso de que se encuentre con este tipo de cookies en este sitio web y no est\u00e9n enumeradas en la lista anterior, le rogamos que nos lo comunique. O bien p\u00f3ngase en contacto directamente con el tercero para pedirle informaci\u00f3n sobre las cookies que coloca, la finalidad y la duraci\u00f3n de la cookie, y c\u00f3mo ha garantizado su privacidad.<\/p>\n\n\n\n<p><strong>INFORMACI\u00d3N RELACIONADA CON EL TRATAMIENTO DE DATOS PERSONALES (ART.13 RGPD)<\/strong><\/p>\n\n\n\n<p>\u00bfQui\u00e9n es el responsable del tratamiento de sus datos personales?<\/p>\n\n\n\n<p>Vi\u00f1as y Vinos, SL, es el responsable del tratamiento de los datos personales que usted nos proporciona, sito en C\/Banda Playa, 2, 11540, C\u00c1DIZ y con CIF B11059532 Tel\u00e9fono 956385304 y mail de contacto bodegashidalgo@lagitana.es<\/p>\n\n\n\n<p>Si no desea que los sitios web pongan ninguna cookie en su equipo, puede adaptar la configuraci\u00f3n del navegador de modo que se le notifique antes de que se coloque ninguna cookie. De igual modo, puede adaptar la configuraci\u00f3n de forma que el navegador rechace todas las cookies, o \u00fanicamente las cookies de terceros. Tambi\u00e9n puede eliminar cualquiera de las cookies que ya se encuentren en el equipo. Tenga en cuenta que tendr\u00e1 que adaptar por separado la configuraci\u00f3n de cada navegador y equipo que utilice.<\/p>\n\n\n\n<p>\u00bfPara qu\u00e9 utilizamos sus datos personales?<\/p>\n\n\n\n<p>La informaci\u00f3n recopilada a trav\u00e9s de las cookies propias (cookies de sesi\u00f3n y de entrada de usuario) se suelen utilizar para rastrear las acciones del usuario al rellenar los formularios en l\u00ednea en varias p\u00e1ginas, o como cesta de la compra para hacer el seguimiento de los art\u00edculos que el usuario ha seleccionado al pulsar un bot\u00f3n, o para personalizar la interface del usuario al visitar la p\u00e1gina web.<\/p>\n\n\n\n<p>La informaci\u00f3n recopilada a trav\u00e9s de las cookies de terceros es la siguiente:<\/p>\n\n\n\n<ul class=\"wp-block-list\">\n<li>A trav\u00e9s de las cookies anal\u00edticas se analizan sus h\u00e1bitos de navegaci\u00f3n para mejorar los servicios prestados;<\/li>\n\n\n\n<li>A trav\u00e9s de las cookies comportamentales se recoge informaci\u00f3n sobre las preferencias del usuario para gestionar los espacios publicitarios de la forma m\u00e1s eficaz posible; y<\/li>\n\n\n\n<li>A trav\u00e9s de las cookies publicitarias se mide el rendimiento de los anuncios y se proporcionan recomendaciones relativas a productos basadas en datos estad\u00edsticos.<\/li>\n<\/ul>\n\n\n\n<p>Para ver exactamente el uso de las cookies v\u00e9ase el cuadro sobre el uso de las cookies en esta web.<\/p>\n\n\n\n<p>\u00bfCu\u00e1l es la base legal para el tratamiento de sus datos personales?<\/p>\n\n\n\n<p>La legitimaci\u00f3n para el tratamiento de sus datos personales viene dada por su consentimiento, otorgado en el momento de ponerse en contacto con nosotros, para la utilizaci\u00f3n de cookies anal\u00edticas, comportamentales y publicitarias; para las cookies de sesi\u00f3n o personalizaci\u00f3n, la legitimaci\u00f3n para el tratamiento viene dada por el inter\u00e9s leg\u00edtimo del prestador (responsable del tratamiento).<\/p>\n\n\n\n<p>\u00bfA qui\u00e9n comunicamos sus datos?<\/p>\n\n\n\n<p>Compartimos informaci\u00f3n sobre el uso que haga del sitio web con nuestros partners de redes sociales, publicidad y an\u00e1lisis web, quienes pueden combinarla con otra informaci\u00f3n que les haya proporcionado que hayan recopilado a partir del uso que haya hecho de sus servicios. Asimismo, se podr\u00e1n comunicar sus datos de navegaci\u00f3n si as\u00ed nos es requerido por obligaci\u00f3n legal o bajo requerimiento judicial.<\/p>\n\n\n\n<p>\u00bfCu\u00e1l es el plazo de conservaci\u00f3n de sus datos?<\/p>\n\n\n\n<p>El plazo de conservaci\u00f3n de los datos recogidos es el mismo que la duraci\u00f3n de las propias cookies usadas en esta web.<\/p>\n\n\n\n<p>\u00bfCu\u00e1les son sus derechos?<\/p>\n\n\n\n<p>Los derechos que amparan al usuario son los de acceso, rectificaci\u00f3n, supresi\u00f3n, portabilidad de los mismos, retirada del consentimiento (sin que ello afecte a la licitud del tratamiento otorgado previamente a su retirada), oposici\u00f3n al tratamiento, limitaci\u00f3n (en determinadas circunstancias) y a presentar una reclamaci\u00f3n ante la autoridad de control (la Agencia Espa\u00f1ola de protecci\u00f3n de datos, www.aepd.es).<\/p>\n","protected":false},"excerpt":{"rendered":"<p>La web de VI\u00d1AS Y VINOS, SL. utiliza cookies propias y de terceros. Una cookie es un fichero que se descarga en su ordenador al acceder a determinadas p\u00e1ginas web, entre otras finalidades, asegurar el correcto funcionamiento de la p\u00e1gina, permitir al Usuario un acceso m\u00e1s r\u00e1pido a los servicios seleccionados, almacenar y recuperar informaci\u00f3n&hellip;<\/p>\n","protected":false},"author":1,"featured_media":0,"parent":0,"menu_order":0,"comment_status":"closed","ping_status":"closed","template":"","meta":{"footnotes":""},"class_list":["post-7312","page","type-page","status-publish","hentry","description-off"],"_links":{"self":[{"href":"https:\/\/bodegashidalgolagitana.com\/visitas\/wp-json\/wp\/v2\/pages\/7312","targetHints":{"allow":["GET"]}}],"collection":[{"href":"https:\/\/bodegashidalgolagitana.com\/visitas\/wp-json\/wp\/v2\/pages"}],"about":[{"href":"https:\/\/bodegashidalgolagitana.com\/visitas\/wp-json\/wp\/v2\/types\/page"}],"author":[{"embeddable":true,"href":"https:\/\/bodegashidalgolagitana.com\/visitas\/wp-json\/wp\/v2\/users\/1"}],"replies":[{"embeddable":true,"href":"https:\/\/bodegashidalgolagitana.com\/visitas\/wp-json\/wp\/v2\/comments?post=7312"}],"version-history":[{"count":1,"href":"https:\/\/bodegashidalgolagitana.com\/visitas\/wp-json\/wp\/v2\/pages\/7312\/revisions"}],"predecessor-version":[{"id":7313,"href":"https:\/\/bodegashidalgolagitana.com\/visitas\/wp-json\/wp\/v2\/pages\/7312\/revisions\/7313"}],"wp:attachment":[{"href":"https:\/\/bodegashidalgolagitana.com\/visitas\/wp-json\/wp\/v2\/media?parent=7312"}],"curies":[{"name":"wp","href":"https:\/\/api.w.org\/{rel}","templated":true}]}}