{"id":13566,"date":"2025-05-20T08:39:03","date_gmt":"2025-05-20T06:39:03","guid":{"rendered":"https:\/\/bodegashidalgolagitana.com\/visitas\/?post_type=product&#038;p=13566"},"modified":"2026-05-11T12:14:48","modified_gmt":"2026-05-11T10:14:48","slug":"atardecer-en-la-vina-dia-de-la-manzanilla","status":"publish","type":"product","link":"https:\/\/bodegashidalgolagitana.com\/visitas\/experiencia\/atardecer-en-la-vina-dia-de-la-manzanilla\/","title":{"rendered":"ATARDECER EN LA VI\u00d1A (ESPECIAL D\u00cdA DE LA MANZANILLA)"},"content":{"rendered":"<p>Visita al atardecer de nuestro vi\u00f1edos y cata de Manzanillas y Amontillado con la puesta de sol en un mar de vi\u00f1as y con el horizonte atl\u00e1ntico. Plazas limitadas.<\/p>\n<p><strong>Fecha 24 de Junio de 2026<\/strong><\/p>\n<p><strong>Precio: 35\u20ac (NO incluye transporte)<\/strong><\/p>\n<p><strong>Horario: 20:00<\/strong><\/p>\n<p><strong>Punto de encuentro<\/strong>: Vi\u00f1a el Cuadrado (Autov\u00eda Sanl\u00facar- Jerez, salida 17) a las 19:50h. Agradecemos puntualidad por favor.<\/p>\n","protected":false},"excerpt":{"rendered":"<p>Visita al atardecer de nuestro vi\u00f1edos y cata de Manzanillas y Amontillado con la puesta de sol en un mar de vi\u00f1as y con el horizonte atl\u00e1ntico. Plazas limitadas.<\/p>\n<p><strong>Fecha: 24 de Junio de 2026<\/strong><\/p>\n<p><strong>Precio: 35\u20ac (NO incluye transporte)<\/strong><\/p>\n<p><strong>Horario: 20:00<\/strong><\/p>\n<p>&nbsp;<\/p>\n<p>&nbsp;<\/p>\n<h6><\/h6>\n<p>&nbsp;<\/p>\n<p>&nbsp;<\/p>\n","protected":false},"featured_media":6866,"template":"","meta":[],"product_brand":[],"product_cat":[53],"product_tag":[],"class_list":{"0":"post-13566","1":"product","2":"type-product","3":"status-publish","4":"has-post-thumbnail","6":"product_cat-visitas","7":"description-off","9":"first","10":"instock","11":"virtual","12":"sold-individually","13":"purchasable","14":"product-type-booking"},"_links":{"self":[{"href":"https:\/\/bodegashidalgolagitana.com\/visitas\/wp-json\/wp\/v2\/product\/13566","targetHints":{"allow":["GET"]}}],"collection":[{"href":"https:\/\/bodegashidalgolagitana.com\/visitas\/wp-json\/wp\/v2\/product"}],"about":[{"href":"https:\/\/bodegashidalgolagitana.com\/visitas\/wp-json\/wp\/v2\/types\/product"}],"wp:featuredmedia":[{"embeddable":true,"href":"https:\/\/bodegashidalgolagitana.com\/visitas\/wp-json\/wp\/v2\/media\/6866"}],"wp:attachment":[{"href":"https:\/\/bodegashidalgolagitana.com\/visitas\/wp-json\/wp\/v2\/media?parent=13566"}],"wp:term":[{"taxonomy":"product_brand","embeddable":true,"href":"https:\/\/bodegashidalgolagitana.com\/visitas\/wp-json\/wp\/v2\/product_brand?post=13566"},{"taxonomy":"product_cat","embeddable":true,"href":"https:\/\/bodegashidalgolagitana.com\/visitas\/wp-json\/wp\/v2\/product_cat?post=13566"},{"taxonomy":"product_tag","embeddable":true,"href":"https:\/\/bodegashidalgolagitana.com\/visitas\/wp-json\/wp\/v2\/product_tag?post=13566"}],"curies":[{"name":"wp","href":"https:\/\/api.w.org\/{rel}","templated":true}]}}