{"id":19124,"date":"2025-10-21T16:19:58","date_gmt":"2025-10-21T14:19:58","guid":{"rendered":"https:\/\/bodegashidalgolagitana.com\/visitas\/?post_type=product&#038;p=19124"},"modified":"2026-04-28T12:31:04","modified_gmt":"2026-04-28T10:31:04","slug":"experiencia-classic-entrebotas","status":"publish","type":"product","link":"https:\/\/bodegashidalgolagitana.com\/visitas\/experiencia\/experiencia-classic-entrebotas\/","title":{"rendered":"EXPERIENCIA CLASSIC ENTREBOTAS"},"content":{"rendered":"<p>Regala una experiencia enotur\u00edstica completa. VISITA DIARIA + COMIDA en Restaurante EntreBotas, ubicado en uno de nuestros patios. Ser\u00e1 un encuentro con Sanl\u00facar (Capital Gastron\u00f3mica en 2022), nuestros vinos, nuestra gastronom\u00eda de mar y de huerta, de esencia y territorio. Vino de bienvenida, visita guiada, cata de cuatro vinos (Manzanilla La Gitana en Rama y Manzanilla Pasada Pastrana desde la bota con venencia, Oloroso Fara\u00f3n y Cream Alameda) + men\u00fa en Restaurante EntreBotas. Bebidas incluidas durante el men\u00fa.<\/p>\n<p>&nbsp;<\/p>\n<p>Men\u00fa:<\/p>\n<p>Entrantes para compartir:<\/p>\n<p>Mini aperitivos: Salmorejo con semi mojama de at\u00fan, Chicharrones de Chiclana, quesos de la Sierra de C\u00e1diz.<\/p>\n<p>Entrantes: Croquetas de puchero y chocos fritos.<\/p>\n<p>Plato principal individual: arroz caldoso con gambones y chocos.<\/p>\n<p>Postre: Tarta de queso y mango.<\/p>\n<p>&nbsp;<\/p>\n<p>&nbsp;<\/p>\n<p>&nbsp;<\/p>\n","protected":false},"excerpt":{"rendered":"<p>Visita y cata de vinos con un final perfecto. Un men\u00fa tradicional en Restaurante EntreBotas con bebidas incluidas. <strong>Precio por persona.<\/strong><\/p>\n<p>&nbsp;<\/p>\n<p>Incluye: VISITA Y CATA DE 5 VINOS + MEN\u00da CON BEBIDAS INCLUIDAS.<\/p>\n<p>&nbsp;<\/p>\n","protected":false},"featured_media":19186,"template":"","meta":[],"product_brand":[],"product_cat":[67],"product_tag":[],"class_list":{"0":"post-19124","1":"product","2":"type-product","3":"status-publish","4":"has-post-thumbnail","6":"product_cat-bonos","7":"description-off","9":"first","10":"instock","11":"downloadable","12":"virtual","13":"purchasable","14":"product-type-simple"},"_links":{"self":[{"href":"https:\/\/bodegashidalgolagitana.com\/visitas\/wp-json\/wp\/v2\/product\/19124","targetHints":{"allow":["GET"]}}],"collection":[{"href":"https:\/\/bodegashidalgolagitana.com\/visitas\/wp-json\/wp\/v2\/product"}],"about":[{"href":"https:\/\/bodegashidalgolagitana.com\/visitas\/wp-json\/wp\/v2\/types\/product"}],"wp:featuredmedia":[{"embeddable":true,"href":"https:\/\/bodegashidalgolagitana.com\/visitas\/wp-json\/wp\/v2\/media\/19186"}],"wp:attachment":[{"href":"https:\/\/bodegashidalgolagitana.com\/visitas\/wp-json\/wp\/v2\/media?parent=19124"}],"wp:term":[{"taxonomy":"product_brand","embeddable":true,"href":"https:\/\/bodegashidalgolagitana.com\/visitas\/wp-json\/wp\/v2\/product_brand?post=19124"},{"taxonomy":"product_cat","embeddable":true,"href":"https:\/\/bodegashidalgolagitana.com\/visitas\/wp-json\/wp\/v2\/product_cat?post=19124"},{"taxonomy":"product_tag","embeddable":true,"href":"https:\/\/bodegashidalgolagitana.com\/visitas\/wp-json\/wp\/v2\/product_tag?post=19124"}],"curies":[{"name":"wp","href":"https:\/\/api.w.org\/{rel}","templated":true}]}}