{"id":19128,"date":"2025-10-21T16:39:20","date_gmt":"2025-10-21T14:39:20","guid":{"rendered":"https:\/\/bodegashidalgolagitana.com\/visitas\/?post_type=product&#038;p=19128"},"modified":"2026-04-28T12:28:26","modified_gmt":"2026-04-28T10:28:26","slug":"experiencia-para-dos","status":"publish","type":"product","link":"https:\/\/bodegashidalgolagitana.com\/visitas\/experiencia\/experiencia-para-dos\/","title":{"rendered":"CATA PARA DOS"},"content":{"rendered":"<p>Regala una verdadera Experiencia La Gitana. Vino de bienvenida, visita guiada, cata de cuatro vinos (Manzanilla La Gitana en Rama y Manzanilla Pasada Pastrana desde la bota con venencia, Oloroso Fara\u00f3n y Cream Alameda) y peque\u00f1o aperitivo de cortes\u00eda.<\/p>\n<p>&nbsp;<\/p>\n<p>&nbsp;<\/p>\n<p>&nbsp;<\/p>\n<p>&nbsp;<\/p>\n<p>&nbsp;<\/p>\n<p>&nbsp;<\/p>\n<p>&nbsp;<\/p>\n<p>&nbsp;<\/p>\n","protected":false},"excerpt":{"rendered":"<p>Regala una visita guiada con cata de cinco vinos con copa en mano. Un paseo por nuestras bodegas y patios para disfrutar de nuestros mejores vinos a pie de bota. <strong>Precio para dos personas.<\/strong><\/p>\n","protected":false},"featured_media":19175,"template":"","meta":[],"product_brand":[],"product_cat":[67],"product_tag":[],"class_list":{"0":"post-19128","1":"product","2":"type-product","3":"status-publish","4":"has-post-thumbnail","6":"product_cat-bonos","7":"description-off","9":"first","10":"instock","11":"downloadable","12":"virtual","13":"purchasable","14":"product-type-simple"},"_links":{"self":[{"href":"https:\/\/bodegashidalgolagitana.com\/visitas\/wp-json\/wp\/v2\/product\/19128","targetHints":{"allow":["GET"]}}],"collection":[{"href":"https:\/\/bodegashidalgolagitana.com\/visitas\/wp-json\/wp\/v2\/product"}],"about":[{"href":"https:\/\/bodegashidalgolagitana.com\/visitas\/wp-json\/wp\/v2\/types\/product"}],"wp:featuredmedia":[{"embeddable":true,"href":"https:\/\/bodegashidalgolagitana.com\/visitas\/wp-json\/wp\/v2\/media\/19175"}],"wp:attachment":[{"href":"https:\/\/bodegashidalgolagitana.com\/visitas\/wp-json\/wp\/v2\/media?parent=19128"}],"wp:term":[{"taxonomy":"product_brand","embeddable":true,"href":"https:\/\/bodegashidalgolagitana.com\/visitas\/wp-json\/wp\/v2\/product_brand?post=19128"},{"taxonomy":"product_cat","embeddable":true,"href":"https:\/\/bodegashidalgolagitana.com\/visitas\/wp-json\/wp\/v2\/product_cat?post=19128"},{"taxonomy":"product_tag","embeddable":true,"href":"https:\/\/bodegashidalgolagitana.com\/visitas\/wp-json\/wp\/v2\/product_tag?post=19128"}],"curies":[{"name":"wp","href":"https:\/\/api.w.org\/{rel}","templated":true}]}}