{"id":19133,"date":"2025-10-21T16:44:49","date_gmt":"2025-10-21T14:44:49","guid":{"rendered":"https:\/\/bodegashidalgolagitana.com\/visitas\/?post_type=product&#038;p=19133"},"modified":"2026-04-28T12:27:51","modified_gmt":"2026-04-28T10:27:51","slug":"experiencia-romantica-entrebotas","status":"publish","type":"product","link":"https:\/\/bodegashidalgolagitana.com\/visitas\/experiencia\/experiencia-romantica-entrebotas\/","title":{"rendered":"EXPERIENCIA ROM\u00c1NTICA ENTREBOTAS"},"content":{"rendered":"<p>Un paseo guiado al atardecer entre botas centenarias, patios en flor y bodegas llenas de esencia. Siempre con la copa en la mano. Un vino de bienvenida, dos Manzanillas en Rama, Amontillado Napole\u00f3n y Oloroso Fara\u00f3n desde la bota con venencia, con toda su pureza. Acabaremos con una cena espectacular en www.entrebotasrestaurante.es, ubicado en uno de nuestros patios. Ser\u00e1 una experiencia enosensorial \u00fanica.<\/p>\n<p>&nbsp;<\/p>\n<p>MEN\u00da:<\/p>\n<p>Mini aperitivos (Chicharrones de Chiclana, rega\u00f1\u00e1 de at\u00fan rojo trufado y quesos de C\u00e1diz)<\/p>\n<p>A compartir:<\/p>\n<p>Focaccia de corvina a la rote\u00f1a.<\/p>\n<p>Langostinos con tomate y huevo a baja temperatura.<\/p>\n<p>Individual:<\/p>\n<p>Brocheta de pluma adobada en &#8216;Manzanilla La Gitana&#8217;<\/p>\n<p>Postre:<\/p>\n<p>Sopa de pi\u00f1a osmotizada al Palo Cortado Wellington.<\/p>\n","protected":false},"excerpt":{"rendered":"<p>Regala una velada inolvidable entre botas, con una cata guiada y una cena con maridaje en la atm\u00f3sfera m\u00e1gica del Restaurante EntreBotas. <strong>Precio por persona<\/strong>.<\/p>\n<p>Incluye: VISITA Y CATA DE 5 VINOS + MEN\u00da CON MARIDAJE INCLUIDO.<\/p>\n<p>&nbsp;<\/p>\n<p>IMPORTANTE: Esta actividad estar\u00e1 disponible para cena a partir del 11 de junio 2026. S\u00ed est\u00e1 disponible para almuerzo.<\/p>\n","protected":false},"featured_media":19172,"template":"","meta":[],"product_brand":[],"product_cat":[67],"product_tag":[],"class_list":{"0":"post-19133","1":"product","2":"type-product","3":"status-publish","4":"has-post-thumbnail","6":"product_cat-bonos","7":"description-off","9":"first","10":"instock","11":"downloadable","12":"virtual","13":"purchasable","14":"product-type-simple"},"_links":{"self":[{"href":"https:\/\/bodegashidalgolagitana.com\/visitas\/wp-json\/wp\/v2\/product\/19133","targetHints":{"allow":["GET"]}}],"collection":[{"href":"https:\/\/bodegashidalgolagitana.com\/visitas\/wp-json\/wp\/v2\/product"}],"about":[{"href":"https:\/\/bodegashidalgolagitana.com\/visitas\/wp-json\/wp\/v2\/types\/product"}],"wp:featuredmedia":[{"embeddable":true,"href":"https:\/\/bodegashidalgolagitana.com\/visitas\/wp-json\/wp\/v2\/media\/19172"}],"wp:attachment":[{"href":"https:\/\/bodegashidalgolagitana.com\/visitas\/wp-json\/wp\/v2\/media?parent=19133"}],"wp:term":[{"taxonomy":"product_brand","embeddable":true,"href":"https:\/\/bodegashidalgolagitana.com\/visitas\/wp-json\/wp\/v2\/product_brand?post=19133"},{"taxonomy":"product_cat","embeddable":true,"href":"https:\/\/bodegashidalgolagitana.com\/visitas\/wp-json\/wp\/v2\/product_cat?post=19133"},{"taxonomy":"product_tag","embeddable":true,"href":"https:\/\/bodegashidalgolagitana.com\/visitas\/wp-json\/wp\/v2\/product_tag?post=19133"}],"curies":[{"name":"wp","href":"https:\/\/api.w.org\/{rel}","templated":true}]}}