{"id":6865,"date":"2024-09-05T10:59:23","date_gmt":"2024-09-05T08:59:23","guid":{"rendered":"https:\/\/bodegashidalgolagitana.com\/visitas\/producto\/atardecer-en-la-vina\/"},"modified":"2025-01-16T11:40:51","modified_gmt":"2025-01-16T10:40:51","slug":"atardecer-en-la-vina","status":"publish","type":"product","link":"https:\/\/bodegashidalgolagitana.com\/visitas\/experiencia\/atardecer-en-la-vina\/","title":{"rendered":"ATARDECER EN LA VI\u00d1A"},"content":{"rendered":"<p>Un paseo entre vi\u00f1edos, lagares y patios de labor al caer la tarde, y una cata de vinos disfrutando del atardecer en el Atl\u00e1ntico desde uno de los puntos m\u00e1s altos de la Campi\u00f1a del Marco de Jerez. A pie de albariza, despacio. Incluye: cata de 4 vinos, obsequio de catavino y aperitivo.<strong>\u00a0<\/strong><\/p>\n<p>&nbsp;<\/p>\n<p><strong>Punto de encuentro<\/strong>: Vi\u00f1a El Cuadrado (Autov\u00eda Sanl\u00facar \u2013 Jerez, salida 17). Actividad sujeta a un grupo m\u00ednimo de participantes. No incluye transporte. Una vez confirmemos la reserva, le enviaremos por mail la ubicaci\u00f3n exacta de nuestros vi\u00f1edos.<\/p>\n","protected":false},"excerpt":{"rendered":"<p>VISITA + CATA DE VINOS EN NUESTROS VI\u00d1EDOS AL ATARDECER (CON APERITIVO).<\/p>\n<p>&nbsp;<\/p>\n<p><strong>Viernes al atardecer. <\/strong><\/p>\n<p><strong>Horario: seg\u00fan puesta de sol. \/ Duraci\u00f3n: 2 horas aprox.<\/strong><\/p>\n<p>&nbsp;<\/p>\n<p>&nbsp;<\/p>\n<h6><em>* Reserva previa con un m\u00ednimo de 48 horas. Experiencia sujeta a un grupo m\u00ednimo de participantes. Har\u00e1 s\u00f3lo una petici\u00f3n de reserva. Una vez nos llegue estudiaremos su petici\u00f3n y la confirmaremos con un enlace para realizar el pago on line o bien le contactaremos para darle alternativa en caso no tener disponibilidad. Entrada gratuita para menores de 18 a\u00f1os. No incluye el transporte a nuestros vi\u00f1edos.\u00a0<\/em><\/h6>\n<p>&nbsp;<\/p>\n<p>&nbsp;<\/p>\n","protected":false},"featured_media":6866,"template":"","meta":[],"product_brand":[],"product_cat":[53],"product_tag":[],"class_list":{"0":"post-6865","1":"product","2":"type-product","3":"status-publish","4":"has-post-thumbnail","6":"product_cat-visitas","7":"description-off","9":"first","10":"instock","11":"virtual","12":"sold-individually","13":"purchasable","14":"product-type-booking"},"_links":{"self":[{"href":"https:\/\/bodegashidalgolagitana.com\/visitas\/wp-json\/wp\/v2\/product\/6865","targetHints":{"allow":["GET"]}}],"collection":[{"href":"https:\/\/bodegashidalgolagitana.com\/visitas\/wp-json\/wp\/v2\/product"}],"about":[{"href":"https:\/\/bodegashidalgolagitana.com\/visitas\/wp-json\/wp\/v2\/types\/product"}],"wp:featuredmedia":[{"embeddable":true,"href":"https:\/\/bodegashidalgolagitana.com\/visitas\/wp-json\/wp\/v2\/media\/6866"}],"wp:attachment":[{"href":"https:\/\/bodegashidalgolagitana.com\/visitas\/wp-json\/wp\/v2\/media?parent=6865"}],"wp:term":[{"taxonomy":"product_brand","embeddable":true,"href":"https:\/\/bodegashidalgolagitana.com\/visitas\/wp-json\/wp\/v2\/product_brand?post=6865"},{"taxonomy":"product_cat","embeddable":true,"href":"https:\/\/bodegashidalgolagitana.com\/visitas\/wp-json\/wp\/v2\/product_cat?post=6865"},{"taxonomy":"product_tag","embeddable":true,"href":"https:\/\/bodegashidalgolagitana.com\/visitas\/wp-json\/wp\/v2\/product_tag?post=6865"}],"curies":[{"name":"wp","href":"https:\/\/api.w.org\/{rel}","templated":true}]}}