{"id":6869,"date":"2024-09-04T11:07:40","date_gmt":"2024-09-04T09:07:40","guid":{"rendered":"https:\/\/bodegashidalgolagitana.com\/visitas\/producto\/de-la-vina-a-la-bota\/"},"modified":"2025-09-29T10:53:58","modified_gmt":"2025-09-29T08:53:58","slug":"de-la-vina-a-la-bota","status":"publish","type":"product","link":"https:\/\/bodegashidalgolagitana.com\/visitas\/experiencia\/de-la-vina-a-la-bota\/","title":{"rendered":"DE LA VI\u00d1A A LA BOTA"},"content":{"rendered":"<p>Visita guiada a VI\u00d1A EL CUADRADO (vi\u00f1edos, lagares, patios,\u2026). Pago de Bilba\u00edna Alta. Un peque\u00f1o para\u00edso lejos del mundo, en el coraz\u00f3n de la Campi\u00f1a de Jerez. Visita guiada por vi\u00f1edos, lagares y patios de labor y <strong>cata de 4 vinos de alta gama<\/strong> directamente desde la bota \u00abcopa en mano\u00bb <strong>(Manzanilla La Gitana en Rama, Manzanilla Pasada Pastrana, Amontillado Napole\u00f3n VORS y Palo Cortado Wellington VORS) <\/strong>en Bodegas Hidalgo La Gitana en Sanl\u00facar. Incluye aperitivo durante la cata. No incluye transporte desde los vi\u00f1edos a las bodegas en Sanl\u00facar.<\/p>\n<p>&nbsp;<\/p>\n<p><strong>Punto de encuentro<\/strong>: Vi\u00f1a El Cuadrado (Autov\u00eda Sanl\u00facar \u2013 Jerez, salida 17).<\/p>\n<p>&nbsp;<\/p>\n<p><em>NOTA: El transporte no est\u00e1 incluido. Una vez confirmemos la reserva le enviaremos por mail ubicaci\u00f3n exacta de nuestros vi\u00f1edos.\u00a0<\/em><\/p>\n","protected":false},"excerpt":{"rendered":"<p>VISITA A VI\u00d1EDOS + VISITA A BODEGA Y CATA DE VINOS DE ALTA GAMA CON APERITIVO<\/p>\n<p>&nbsp;<\/p>\n<p style=\"font-size: 14px; line-height: 20px; margin-top: -20px;\">De Mi\u00e9rcoles a Viernes a las 11:00h. \/ Duraci\u00f3n: 3h 30 min aprox.<\/p>\n<h6><\/h6>\n<h6><em>* Reserva previa con un m\u00ednimo de 48 horas. Experiencia sujeta a un grupo m\u00ednimo de participantes. Har\u00e1 s\u00f3lo una petici\u00f3n de reserva. Una vez nos llegue estudiaremos su petici\u00f3n y la confirmaremos con un enlace para realizar el pago on line o bien le contactaremos para darle alternativa en caso no tener disponibilidad. Entrada gratuita para menores de 18 a\u00f1os. No incluye transporte a nuestros vi\u00f1edos.<\/em><\/h6>\n","protected":false},"featured_media":6870,"template":"","meta":[],"product_brand":[],"product_cat":[53],"product_tag":[],"class_list":{"0":"post-6869","1":"product","2":"type-product","3":"status-publish","4":"has-post-thumbnail","6":"product_cat-visitas","7":"description-off","9":"first","10":"instock","11":"virtual","12":"sold-individually","13":"purchasable","14":"product-type-booking"},"_links":{"self":[{"href":"https:\/\/bodegashidalgolagitana.com\/visitas\/wp-json\/wp\/v2\/product\/6869","targetHints":{"allow":["GET"]}}],"collection":[{"href":"https:\/\/bodegashidalgolagitana.com\/visitas\/wp-json\/wp\/v2\/product"}],"about":[{"href":"https:\/\/bodegashidalgolagitana.com\/visitas\/wp-json\/wp\/v2\/types\/product"}],"wp:featuredmedia":[{"embeddable":true,"href":"https:\/\/bodegashidalgolagitana.com\/visitas\/wp-json\/wp\/v2\/media\/6870"}],"wp:attachment":[{"href":"https:\/\/bodegashidalgolagitana.com\/visitas\/wp-json\/wp\/v2\/media?parent=6869"}],"wp:term":[{"taxonomy":"product_brand","embeddable":true,"href":"https:\/\/bodegashidalgolagitana.com\/visitas\/wp-json\/wp\/v2\/product_brand?post=6869"},{"taxonomy":"product_cat","embeddable":true,"href":"https:\/\/bodegashidalgolagitana.com\/visitas\/wp-json\/wp\/v2\/product_cat?post=6869"},{"taxonomy":"product_tag","embeddable":true,"href":"https:\/\/bodegashidalgolagitana.com\/visitas\/wp-json\/wp\/v2\/product_tag?post=6869"}],"curies":[{"name":"wp","href":"https:\/\/api.w.org\/{rel}","templated":true}]}}