{"id":6875,"date":"2024-09-02T15:14:36","date_gmt":"2024-09-02T13:14:36","guid":{"rendered":"https:\/\/bodegashidalgolagitana.com\/visitas\/producto\/una-manana-en-la-vina\/"},"modified":"2026-02-16T15:09:03","modified_gmt":"2026-02-16T14:09:03","slug":"una-manana-en-la-vina","status":"publish","type":"product","link":"https:\/\/bodegashidalgolagitana.com\/visitas\/experiencia\/una-manana-en-la-vina\/","title":{"rendered":"UNA MA\u00d1ANA EN LA VI\u00d1A"},"content":{"rendered":"<p>Visita guiada en Vi\u00f1a El Cuadrado (vi\u00f1edos, patios, lagares,\u2026), cata de 5 vinos (sobretablas, Manzanilla La Gitana en Rama, Manzanilla Pasada Pastrana, Amontillado Napole\u00f3n y Oloroso Fara\u00f3n), y algo de picoteo. Incluye obsequio de un catavino de La Gitana.<\/p>\n<p><strong>Punto de encuentro<\/strong>: Vi\u00f1a El Cuadrado (Autov\u00eda Sanl\u00facar \u2013 Jerez, salida 17)<\/p>\n<p>&nbsp;<\/p>\n<p><em>NOTA: El transporte no est\u00e1 incluido. Una vez confirmemos la reserva le enviaremos por mail ubicaci\u00f3n exacta de nuestros vi\u00f1edos.<\/em><\/p>\n","protected":false},"excerpt":{"rendered":"<p>VISITA A VI\u00d1EDOS + CATA DE VINOS (NO INCLUYE VISITA A BODEGAS)<\/p>\n<p>&nbsp;<\/p>\n<p style=\"font-size: 14px; line-height: 20px; margin-top: -20px;\">De Mi\u00e9rcoles a Viernes:<br \/>\n10.30h (Ingl\u00e9s \/ Espa\u00f1ol) \/ 12.00h (Espa\u00f1ol). Duraci\u00f3n: 1h 30 min aprox.<\/p>\n<p>&nbsp;<\/p>\n<h6><em>* Reserva previa con un m\u00ednimo de 48 horas. Experiencia sujeta a un grupo m\u00ednimo de participantes. Har\u00e1 s\u00f3lo una petici\u00f3n de reserva. Una vez nos llegue estudiaremos su petici\u00f3n y la confirmaremos con un enlace para realizar el pago on line o bien le contactaremos para darle alternativa en caso no tener disponibilidad. Entrada gratuita para menores de 18 a\u00f1os. No incluye el transporte a nuestros vi\u00f1edos.\u00a0<\/em><\/h6>\n<h5><\/h5>\n<h5><\/h5>\n","protected":false},"featured_media":7785,"template":"","meta":[],"product_brand":[],"product_cat":[53],"product_tag":[],"class_list":{"0":"post-6875","1":"product","2":"type-product","3":"status-publish","4":"has-post-thumbnail","6":"product_cat-visitas","7":"description-off","9":"first","10":"instock","11":"virtual","12":"sold-individually","13":"purchasable","14":"product-type-booking"},"_links":{"self":[{"href":"https:\/\/bodegashidalgolagitana.com\/visitas\/wp-json\/wp\/v2\/product\/6875","targetHints":{"allow":["GET"]}}],"collection":[{"href":"https:\/\/bodegashidalgolagitana.com\/visitas\/wp-json\/wp\/v2\/product"}],"about":[{"href":"https:\/\/bodegashidalgolagitana.com\/visitas\/wp-json\/wp\/v2\/types\/product"}],"wp:featuredmedia":[{"embeddable":true,"href":"https:\/\/bodegashidalgolagitana.com\/visitas\/wp-json\/wp\/v2\/media\/7785"}],"wp:attachment":[{"href":"https:\/\/bodegashidalgolagitana.com\/visitas\/wp-json\/wp\/v2\/media?parent=6875"}],"wp:term":[{"taxonomy":"product_brand","embeddable":true,"href":"https:\/\/bodegashidalgolagitana.com\/visitas\/wp-json\/wp\/v2\/product_brand?post=6875"},{"taxonomy":"product_cat","embeddable":true,"href":"https:\/\/bodegashidalgolagitana.com\/visitas\/wp-json\/wp\/v2\/product_cat?post=6875"},{"taxonomy":"product_tag","embeddable":true,"href":"https:\/\/bodegashidalgolagitana.com\/visitas\/wp-json\/wp\/v2\/product_tag?post=6875"}],"curies":[{"name":"wp","href":"https:\/\/api.w.org\/{rel}","templated":true}]}}