{"id":6880,"date":"2024-09-01T15:28:42","date_gmt":"2024-09-01T13:28:42","guid":{"rendered":"https:\/\/bodegashidalgolagitana.com\/visitas\/producto\/visita-diaria\/"},"modified":"2026-05-13T22:29:51","modified_gmt":"2026-05-13T20:29:51","slug":"visita-diaria","status":"publish","type":"product","link":"https:\/\/bodegashidalgolagitana.com\/visitas\/experiencia\/visita-diaria\/","title":{"rendered":"VISITAS DIARIAS"},"content":{"rendered":"<p style=\"text-align: left;\"><strong>PUNTO DE ENCUENTRO\u00a0<\/strong><\/p>\n<div dir=\"auto\"><strong>Punto de encuentro<\/strong>: Tienda La Gitana (Calzada Duquesa Isabel, esquina Calle Hermano Ferm\u00edn) diez minutos antes del comienzo de la visita. Los d\u00edas de lluvia o inclemencias meteorol\u00f3gicas, y <strong>de noviembre a febrero<\/strong>, el punto de encuentro ser\u00e1 por Calle Banda de la Playa 40 (Restaurante EntreBotas). <strong>Agradecemos puntualidad<\/strong> por favor.<\/div>\n<div dir=\"auto\">Recomendaciones para aparcar: PARKING BANDA PLAYA o PARKING LA CALZADA (ambos junto a la bodega frente al punto de encuentro).<\/div>\n<div dir=\"auto\"><\/div>\n<div dir=\"auto\"><\/div>\n<div dir=\"auto\"><\/div>\n<div dir=\"auto\"><\/div>\n<div dir=\"auto\"><strong>RESTAURANTE ENTREBOTAS<\/strong><\/div>\n<div dir=\"auto\">Complete su experiencia con comida o cena en Restaurante EntreBotas, ubicado en nuestras bodegas (<a href=\"http:\/\/www.entrebotasrestaurante.es\/\" target=\"_blank\" rel=\"noopener noreferrer\" data-saferedirecturl=\"https:\/\/www.google.com\/url?q=http:\/\/www.entrebotasrestaurante.es&amp;source=gmail&amp;ust=1706341564245000&amp;usg=AOvVaw00plYP4Y3V5dgpRNq19Lj-\">www.entrebotasrestaurante.es<\/a>)<wbr \/>. Disfrute de un descuento especial s\u00f3lo para visitantes. Cons\u00faltenos las condiciones del descuento.<\/div>\n<div dir=\"auto\"><\/div>\n<blockquote>\n<div dir=\"auto\"><\/div>\n<\/blockquote>\n<div dir=\"auto\"><strong>POL\u00cdTICA DE CANCELACI\u00d3N<\/strong><\/div>\n<div dir=\"auto\">Una vez realizado el pago, los gastos de cancelaci\u00f3n dentro de las 48 horas previas a la visita son del 100%.<\/div>\n<p>&nbsp;<\/p>\n<p>&nbsp;<\/p>\n","protected":false},"excerpt":{"rendered":"<p>VISITA CON CATA DE 5 VINOS<\/p>\n<p>&nbsp;<\/p>\n<p><strong>ENGLISH: <\/strong>Lunes a S\u00e1bado: 11:00h<\/p>\n<p>&nbsp;<\/p>\n<p><strong>ESPA\u00d1OL: <\/strong><\/p>\n<p>Lunes a Viernes: 12:00h y 13:00h<\/p>\n<p>S\u00e1bado: 11:00h, 12:00h y 13:00h\u00a0 I\u00a0 Domingo: 12:00h<\/p>\n<p>&nbsp;<\/p>\n<p><strong>IMPORTANTE:<\/strong> <em>La VISITA DIARIA de las 11:00h del <strong>16 de mayo<\/strong>, <strong>6 Y 13 de junio 2026 ser\u00e1 SOLO EN ESPA\u00d1OL.<\/strong> Sentimos las molestias.\u00a0<\/em><\/p>\n<p>&nbsp;<\/p>\n<p>&nbsp;<\/p>\n<p>Vino de bienvenida, visita guiada &#8216;copa en mano&#8217; (patios, despacho del siglo XVIII, bodega catedral y bodega de vinos dulces), cata de cuatro vinos (Manzanilla La Gitana en Rama y Manzanilla Pasada Pastrana desde la bota, Oloroso Fara\u00f3n y Cream Alameda), peque\u00f1o aperitivo y obsequio de un catavino de &#8216;La Gitana&#8217;.<\/p>\n<p>&nbsp;<\/p>\n<h5>* Previa reserva. Entrada gratuita para menores de 18 a\u00f1os. Duraci\u00f3n: 1h 20min aprox.<\/h5>\n<blockquote>\n<h5><\/h5>\n<\/blockquote>\n","protected":false},"featured_media":6881,"template":"","meta":[],"product_brand":[],"product_cat":[53],"product_tag":[],"class_list":{"0":"post-6880","1":"product","2":"type-product","3":"status-publish","4":"has-post-thumbnail","6":"product_cat-visitas","7":"description-off","9":"first","10":"instock","11":"virtual","12":"sold-individually","13":"purchasable","14":"product-type-booking"},"_links":{"self":[{"href":"https:\/\/bodegashidalgolagitana.com\/visitas\/wp-json\/wp\/v2\/product\/6880","targetHints":{"allow":["GET"]}}],"collection":[{"href":"https:\/\/bodegashidalgolagitana.com\/visitas\/wp-json\/wp\/v2\/product"}],"about":[{"href":"https:\/\/bodegashidalgolagitana.com\/visitas\/wp-json\/wp\/v2\/types\/product"}],"wp:featuredmedia":[{"embeddable":true,"href":"https:\/\/bodegashidalgolagitana.com\/visitas\/wp-json\/wp\/v2\/media\/6881"}],"wp:attachment":[{"href":"https:\/\/bodegashidalgolagitana.com\/visitas\/wp-json\/wp\/v2\/media?parent=6880"}],"wp:term":[{"taxonomy":"product_brand","embeddable":true,"href":"https:\/\/bodegashidalgolagitana.com\/visitas\/wp-json\/wp\/v2\/product_brand?post=6880"},{"taxonomy":"product_cat","embeddable":true,"href":"https:\/\/bodegashidalgolagitana.com\/visitas\/wp-json\/wp\/v2\/product_cat?post=6880"},{"taxonomy":"product_tag","embeddable":true,"href":"https:\/\/bodegashidalgolagitana.com\/visitas\/wp-json\/wp\/v2\/product_tag?post=6880"}],"curies":[{"name":"wp","href":"https:\/\/api.w.org\/{rel}","templated":true}]}}