{"id":6899,"date":"2024-09-09T10:14:43","date_gmt":"2024-09-09T08:14:43","guid":{"rendered":"https:\/\/bodegashidalgolagitana.com\/visitas\/producto\/visita-nocturna-y-cena-en-bodega\/"},"modified":"2026-02-19T12:52:46","modified_gmt":"2026-02-19T11:52:46","slug":"visita-nocturna-y-cena-en-bodega","status":"publish","type":"product","link":"https:\/\/bodegashidalgolagitana.com\/visitas\/experiencia\/visita-nocturna-y-cena-en-bodega\/","title":{"rendered":"VISITA NOCTURNA Y CENA (PACK DELUXE)"},"content":{"rendered":"<p>Un paseo guiado al atardecer entre botas centenarias, patios en flor y bodegas llenas de esencia. Siempre con la copa en la mano. Un <strong>vino de bienvenida, dos Manzanillas en Rama, Amontillado Napole\u00f3n y Oloroso Fara\u00f3n desde la bota con venencia, <\/strong>con toda su pureza. Acabaremos con una<strong> cena<\/strong> espectacular en <strong><a href=\"https:\/\/www.entrebotasrestaurante.es\/\">www.entrebotasrestaurante.es<\/a>,<\/strong> ubicado en uno de nuestros patios. Ser\u00e1 una experiencia enosensorial \u00fanica.<\/p>\n<p><strong>Punto de encuentro<\/strong>: Calle Banda de la Playa 40 (entrada a Restaurante EntreBotas, ubicado en uno de nuestros patios).<\/p>\n<p>&nbsp;<\/p>\n<p><b>MEN\u00da:<\/b><b><\/b><\/p>\n<p><b>Mini aperitivos (Chicharrones de Chiclana, rega\u00f1\u00e1 de at\u00fan rojo trufado y quesos de C\u00e1diz)<\/b><\/p>\n<p><b>\u00a0<\/b><\/p>\n<p><b>A compartir:<\/b><b><\/b><\/p>\n<p><b>Focaccia de corvina a la rote\u00f1a.<\/b><b><\/b><\/p>\n<p><b>Langostinos con tomate y huevo a baja temperatura.<\/b><b><\/b><\/p>\n<p><b>\u00a0<\/b><\/p>\n<p><b>Individual:<\/b><b><\/b><\/p>\n<p><b>Brocheta de pluma adobada en &#8216;Manzanilla La Gitana&#8217;<\/b><\/p>\n<p><b>\u00a0<\/b><\/p>\n<p><b>Postre:<\/b><b><\/b><\/p>\n<p><b>Sopa de pi\u00f1a osmotizada al Palo Cortado Wellington.<\/b><\/p>\n<p>&nbsp;<\/p>\n<p><strong><em>Bebidas no incluidas durante la cena (Recomendamos incluir maridaje de nuestros vinos por s\u00f3lo 20\u20ac por persona. A contratar directamente en restaurante). <\/em><\/strong><em>El men\u00fa puede verse modificado puntualmente por razones del mercado seg\u00fan la \u00e9poca del a\u00f1o.<\/em><\/p>\n<p>PREVIA RESERVA CON UN M\u00cdNIMO DE 48 HORAS. Seg\u00fan disponibilidad. M\u00ednimo 2 personas. Visita y men\u00fa s\u00f3lo para adultos. En caso de posibles alergias o intolerancias contacte con nosotros previamente por favor.<\/p>\n","protected":false},"excerpt":{"rendered":"<p>VISITA + CATA DE VINOS (desde las botas con venencia) + CENA con men\u00fa completo en Restaurante EntreBotas (ubicado en nuestras bodegas). Una opci\u00f3n perfecta para disfrutar de una experiencia gastron\u00f3mica gourmet.<\/p>\n<p>&nbsp;<\/p>\n<p>Horario: Mi\u00e9rcoles a Viernes a las 20:00h (del 15 de junio al 15 de septiembre ). Del 16 de septiembre al 14 de junio a las 19:00h. \/ Duraci\u00f3n: 3h 30min aprox.<\/p>\n<p>&nbsp;<\/p>\n<p>IMPORTANTE: Actividad disponible desde el 10 de junio de 2026.<\/p>\n<h6><em>* Reserva previa con un m\u00ednimo de 48 horas. Experiencia sujeta a un grupo m\u00ednimo de participantes. Har\u00e1 s\u00f3lo una petici\u00f3n de reserva. Una vez nos llegue estudiaremos su petici\u00f3n y la confirmaremos con un enlace para realizar el pago on line o bien le contactaremos para darle alternativa en caso no tener disponibilidad. Entrada gratuita para menores de 18 a\u00f1os.\u00a0<\/em><\/h6>\n","protected":false},"featured_media":6900,"template":"","meta":[],"product_brand":[],"product_cat":[53],"product_tag":[],"class_list":{"0":"post-6899","1":"product","2":"type-product","3":"status-publish","4":"has-post-thumbnail","6":"product_cat-visitas","7":"description-off","9":"first","10":"instock","11":"virtual","12":"sold-individually","13":"purchasable","14":"product-type-booking"},"_links":{"self":[{"href":"https:\/\/bodegashidalgolagitana.com\/visitas\/wp-json\/wp\/v2\/product\/6899","targetHints":{"allow":["GET"]}}],"collection":[{"href":"https:\/\/bodegashidalgolagitana.com\/visitas\/wp-json\/wp\/v2\/product"}],"about":[{"href":"https:\/\/bodegashidalgolagitana.com\/visitas\/wp-json\/wp\/v2\/types\/product"}],"wp:featuredmedia":[{"embeddable":true,"href":"https:\/\/bodegashidalgolagitana.com\/visitas\/wp-json\/wp\/v2\/media\/6900"}],"wp:attachment":[{"href":"https:\/\/bodegashidalgolagitana.com\/visitas\/wp-json\/wp\/v2\/media?parent=6899"}],"wp:term":[{"taxonomy":"product_brand","embeddable":true,"href":"https:\/\/bodegashidalgolagitana.com\/visitas\/wp-json\/wp\/v2\/product_brand?post=6899"},{"taxonomy":"product_cat","embeddable":true,"href":"https:\/\/bodegashidalgolagitana.com\/visitas\/wp-json\/wp\/v2\/product_cat?post=6899"},{"taxonomy":"product_tag","embeddable":true,"href":"https:\/\/bodegashidalgolagitana.com\/visitas\/wp-json\/wp\/v2\/product_tag?post=6899"}],"curies":[{"name":"wp","href":"https:\/\/api.w.org\/{rel}","templated":true}]}}